{"id":7193,"date":"2022-04-10T14:30:25","date_gmt":"2022-04-10T14:30:25","guid":{"rendered":"https:\/\/www.translinkcf.it\/?page_id=7193"},"modified":"2024-02-09T13:55:53","modified_gmt":"2024-02-09T13:55:53","slug":"mentions-legales","status":"publish","type":"page","link":"https:\/\/translinkcf.fr\/en\/mentions-legales\/","title":{"rendered":"Legal Notice"},"content":{"rendered":"<style type=\"text\/css\" data-created_by=\"avia_inline_auto\" id=\"style-css-av-l1tdueyx-988f6c57122fc53b417655ba6634da73\">\n.avia-section.av-l1tdueyx-988f6c57122fc53b417655ba6634da73{\nbackground-color:#17254e;\nbackground-image:unset;\n}\n<\/style>\n<div id='av_section_1'  class='avia-section av-l1tdueyx-988f6c57122fc53b417655ba6634da73 main_color avia-section-small avia-no-border-styling  avia-builder-el-0  el_before_av_one_fifth  avia-builder-el-first  avia-bg-style-scroll av-minimum-height av-minimum-height-custom  container_wrap fullsize'   data-av_minimum_height_px='150'><div class='container av-section-cont-open' style='height:150px'><main  role=\"main\" itemprop=\"mainContentOfPage\"  class='template-page content  av-content-full alpha units'><div class='post-entry post-entry-type-page post-entry-7193'><div class='entry-content-wrapper clearfix'>\n\n<style type=\"text\/css\" data-created_by=\"avia_inline_auto\" id=\"style-css-av-l1tdtn00-ef9ebdebde3053f9cf600b374934d154\">\n#top .av-special-heading.av-l1tdtn00-ef9ebdebde3053f9cf600b374934d154{\npadding-bottom:0;\ncolor:#ffffff;\nfont-size:35px;\n}\nbody .av-special-heading.av-l1tdtn00-ef9ebdebde3053f9cf600b374934d154 .av-special-heading-tag .heading-char{\nfont-size:25px;\n}\n#top #wrap_all .av-special-heading.av-l1tdtn00-ef9ebdebde3053f9cf600b374934d154 .av-special-heading-tag{\nfont-size:35px;\n}\n.av-special-heading.av-l1tdtn00-ef9ebdebde3053f9cf600b374934d154 .special-heading-inner-border{\nborder-color:#ffffff;\n}\n.av-special-heading.av-l1tdtn00-ef9ebdebde3053f9cf600b374934d154 .av-subheading{\nfont-size:15px;\n}\n\n@media only screen and (min-width: 480px) and (max-width: 767px){ \n#top #wrap_all .av-special-heading.av-l1tdtn00-ef9ebdebde3053f9cf600b374934d154 .av-special-heading-tag{\nfont-size:0.8em;\n}\n}\n\n@media only screen and (max-width: 479px){ \n#top #wrap_all .av-special-heading.av-l1tdtn00-ef9ebdebde3053f9cf600b374934d154 .av-special-heading-tag{\nfont-size:0.8em;\n}\n}\n<\/style>\n<div  class='av-special-heading av-l1tdtn00-ef9ebdebde3053f9cf600b374934d154 av-special-heading-h2 custom-color-heading blockquote modern-quote modern-centered  avia-builder-el-1  avia-builder-el-no-sibling  av-inherit-size'><h2 class='av-special-heading-tag'  itemprop=\"headline\"  >Legal Notice<\/h2><div class=\"special-heading-border\"><div class=\"special-heading-inner-border\"><\/div><\/div><\/div>\n<\/div><\/div><\/main><!-- close content main element --><\/div><\/div><div id='after_section_1'  class='main_color av_default_container_wrap container_wrap fullsize'  ><div class='container av-section-cont-open' ><div class='template-page content  av-content-full alpha units'><div class='post-entry post-entry-type-page post-entry-7193'><div class='entry-content-wrapper clearfix'>\n<div class='flex_column av-2ss749-902a2d25e2385044b2152ee69b418d32 av_one_fifth  avia-builder-el-2  el_after_av_section  el_before_av_three_fifth  avia-builder-el-first  first flex_column_div'     ><\/div>\n<div class='flex_column av-io0r6x-33faaf8d1da37e3325b224a3539bbe45 av_three_fifth  avia-builder-el-3  el_after_av_one_fifth  el_before_av_one_fifth  flex_column_div'     ><p>\n<style type=\"text\/css\" data-created_by=\"avia_inline_auto\" id=\"style-css-av-l1tdtcr4-fe1cffd2c981434ca115709c15c3d856\">\n#top .av_textblock_section.av-l1tdtcr4-fe1cffd2c981434ca115709c15c3d856 .avia_textblock{\nfont-size:15px;\ncolor:#17254e;\n}\n<\/style>\n<section  class='av_textblock_section av-l1tdtcr4-fe1cffd2c981434ca115709c15c3d856'  itemscope=\"itemscope\" itemtype=\"https:\/\/schema.org\/CreativeWork\" ><div class='avia_textblock av_inherit_color'  itemprop=\"text\" ><p>Vous \u00eates actuellement sur le site internet de la banque d\u2019affaires Translink CF France, accessible \u00e0 l\u2019adresse URL suivante : www.<a href=\"mailto:g.mouy@epigraphe-avocats.com\">translinkcf.fr<\/a> (ci-apr\u00e8s \u00ab le Site \u00bb). En naviguant sur le Site, vous reconnaissez avoir pris connaissance des mentions l\u00e9gales et des conditions d\u2019utilisation ci-dessous.<\/p>\n<\/div><\/section><br \/>\n\n<style type=\"text\/css\" data-created_by=\"avia_inline_auto\" id=\"style-css-av-l1te99gf-8e6dd9abbcd7a03a5bddd75595c1d5a3\">\n#top .hr.hr-invisible.av-l1te99gf-8e6dd9abbcd7a03a5bddd75595c1d5a3{\nheight:15px;\n}\n<\/style>\n<div  class='hr av-l1te99gf-8e6dd9abbcd7a03a5bddd75595c1d5a3 hr-invisible  avia-builder-el-5  el_after_av_textblock  el_before_av_textblock'><span class='hr-inner'><span class=\"hr-inner-style\"><\/span><\/span><\/div><br \/>\n\n<style type=\"text\/css\" data-created_by=\"avia_inline_auto\" id=\"style-css-av-l5v59efr-0248fb1e2145ffa9ab88c1846ef2b3b9\">\n#top .av_textblock_section.av-l5v59efr-0248fb1e2145ffa9ab88c1846ef2b3b9 .avia_textblock{\nfont-size:15px;\ncolor:#17254e;\n}\n<\/style>\n<section  class='av_textblock_section av-l5v59efr-0248fb1e2145ffa9ab88c1846ef2b3b9'  itemscope=\"itemscope\" itemtype=\"https:\/\/schema.org\/CreativeWork\" ><div class='avia_textblock av_inherit_color'  itemprop=\"text\" ><p><strong>Editeur<\/strong><\/p>\n<p>L\u2019\u00e9diteur du Site est Financi\u00e8re Monceau CF, Soci\u00e9t\u00e9 par Actions Simplifi\u00e9e, dont le si\u00e8ge social est situ\u00e9 4 avenue Hoche \u00e0 PARIS (75008), immatricul\u00e9 au registre du commerce et des soci\u00e9t\u00e9s de Paris sous le num\u00e9ro : 535 346 795\u2013 SIRET : 53534679500045<\/p>\n<p>Vous pouvez prendre contact avec l\u2019\u00e9diteur en utilisant les coordonn\u00e9es suivantes :<\/p>\n<ul>\n<li>T\u00e9l\u00e9phone : +33 (0)1 53 89 11 11<\/li>\n<li>E-mail : <a href=\"mailto:contact@translinkcf.fr\">contact@translinkcf.fr<\/a><\/li>\n<\/ul>\n<p>Il vous est par ailleurs rappel\u00e9 que l\u2019\u00e9diteur est membre de la CNCIF sous le num\u00e9ro D011933<\/p>\n<p><strong>Directeur de la publication <\/strong><\/p>\n<p>Marc Irisson \u2013\u00a001 53 89 11 11\u00a0\u2013 mirisson@translinkcf.fr<\/p>\n<p><strong>Webmaster<\/strong><\/p>\n<p>Agence Alpaga Conseil &#8211; 01.45.02.25.64<\/p>\n<p><strong>Cr\u00e9ation et web design<\/strong><\/p>\n<p>Atmosphere<\/p>\n<p>CT: 22 Lawley Road | Woodstock | 7925<\/p>\n<p>C: +27 76 383 1390 | T: +27 21 461 2117<\/p>\n<p><strong>Cr\u00e9dit photos<\/strong><\/p>\n<ul>\n<li>Thomas RAFFOUX<\/li>\n<li>Fotolia,<\/li>\n<li>Translink CF<\/li>\n<li>Getty<\/li>\n<\/ul>\n<p><strong>H\u00e9bergement<\/strong><\/p>\n<p>WEB IA &#8211; <a href=\"https:\/\/www.web-ia.com\" rel=\"nofollow\">https:\/\/www.web-ia.com<\/a><\/p>\n<\/div><\/section><br \/>\n\n<style type=\"text\/css\" data-created_by=\"avia_inline_auto\" id=\"style-css-av-5j7kuh-e5803bc8b8c049eb34fd63b07ac74f23\">\n#top .hr.hr-invisible.av-5j7kuh-e5803bc8b8c049eb34fd63b07ac74f23{\nheight:15px;\n}\n<\/style>\n<div  class='hr av-5j7kuh-e5803bc8b8c049eb34fd63b07ac74f23 hr-invisible  avia-builder-el-7  el_after_av_textblock  el_before_av_textblock'><span class='hr-inner'><span class=\"hr-inner-style\"><\/span><\/span><\/div><br \/>\n\n<style type=\"text\/css\" data-created_by=\"avia_inline_auto\" id=\"style-css-av-l5v5a17a-d09cfd938d5739cfa5a5f20a54e5c54f\">\n#top .av_textblock_section.av-l5v5a17a-d09cfd938d5739cfa5a5f20a54e5c54f .avia_textblock{\nfont-size:15px;\ncolor:#17254e;\n}\n<\/style>\n<section  class='av_textblock_section av-l5v5a17a-d09cfd938d5739cfa5a5f20a54e5c54f'  itemscope=\"itemscope\" itemtype=\"https:\/\/schema.org\/CreativeWork\" ><div class='avia_textblock av_inherit_color'  itemprop=\"text\" ><p><strong>Propri\u00e9t\u00e9 intellectuelle<\/strong><\/p>\n<p>Le Site et chacun des \u00e9l\u00e9ments qui le composent, ce qui comprend tous les textes, images (anim\u00e9es ou non), lettres d\u2019informations, communiqu\u00e9s, pr\u00e9sentations, coordonn\u00e9es t\u00e9l\u00e9phoniques ou e-mail, marques, logo, architecture, ainsi que tout logiciel, programmes et d\u00e9veloppements sp\u00e9cifiques pr\u00e9sents sur les pages du Site (ci-apr\u00e8s \u00ab le Contenu \u00bb) sont prot\u00e9g\u00e9es par les lois en vigueur, notamment au titre de la propri\u00e9t\u00e9 intellectuelle, de la protection des donn\u00e9es \u00e0 caract\u00e8re personnel et du droit \u00e0 la protection de la vie priv\u00e9e.<\/p>\n<p><strong>Conditions d\u2019utilisation<\/strong><\/p>\n<p>Les informations contenues et consultables sur le pr\u00e9sent site sont fournies \u00e0 titre indicatif et informatif par Financi\u00e8re Monceau CF et Translink CF. Elles peuvent \u00eatre modifi\u00e9es \u00e0 tout moment sans pr\u00e9avis. En aucun cas elles ne sauraient constituer un conseil ou un service de quelque nature que ce soit.<\/p>\n<p>L\u2019utilisation de ce service est r\u00e9serv\u00e9e \u00e0 un usage strictement personnel. Toute reproduction, repr\u00e9sentation, utilisation ou adaptation de tout ou partie du Site et de son Contenu, sur un quelconque support est interdite. Le non-respect de cette interdiction constitue une contrefa\u00e7on pouvant engager la responsabilit\u00e9 civile et p\u00e9nale du contrefacteur.<\/p>\n<p><strong>Responsabilit\u00e9<\/strong><\/p>\n<p>Financi\u00e8re Monceau CF s\u2019engage \u00e0 faire ses meilleurs efforts pour vous assurer une accessibilit\u00e9 du Site \u00e0 tout moment. Toutefois, sa responsabilit\u00e9 ne peut \u00eatre engag\u00e9e en cas (i) de d\u00e9faillance, panne, difficult\u00e9 ou interruption de fonctionnement, emp\u00eachant ou g\u00eanant l\u2019acc\u00e8s au Site ou \u00e0 une de ses fonctionnalit\u00e9s, les vitesses d\u2019ouverture et de consultation des pages, (ii) de l\u2019inaccessibilit\u00e9 temporaire ou d\u00e9finitive au Site, (iii) de l\u2019utilisation frauduleuse par des tiers des informations mises \u00e0 disposition sur le Site.<\/p>\n<p>Les Utilisateurs doivent prendre toutes les mesures appropri\u00e9es pour prot\u00e9ger leur mat\u00e9riel de connexion au Site ainsi que leurs donn\u00e9es, notamment d\u2019attaques virales par Internet. Financi\u00e8re Monceau CF ne peut \u00eatre tenu responsable de tout dommage r\u00e9sultant de la consultation du Site, l\u2019utilisation du Site, du r\u00e9seau internet et des syst\u00e8mes informatiques et de t\u00e9l\u00e9communication.<\/p>\n<p><strong>Lien hypertextes <\/strong><\/p>\n<p>Des liens hypertextes peuvent renvoyer vers des sites tiers sur lesquels Financi\u00e8re Monceau CF n\u2019exerce aucun contr\u00f4le. Financi\u00e8re Monceau CF se d\u00e9gage toute responsabilit\u00e9 quant au contenu de ces sites.<\/p>\n<p>Vous vous interdisez de cr\u00e9er des liens hypertextes vers le Site, sauf autorisation pr\u00e9alable et \u00e9crite de Financi\u00e8re Monceau CF qui demeure libre de refuser cette autorisation sans avoir \u00e0 justifier sa d\u00e9cision. Dans tous les cas, tout lien devra \u00eatre retir\u00e9 sur simple demande de Financi\u00e8re Monceau CF<\/p>\n<p><strong>Confidentialit\u00e9<\/strong><\/p>\n<p>Les informations vous concernant transmises par l\u2019interm\u00e9diaire du Site sont consultables exclusivement par les membres de nos \u00e9quipes professionnelles. Conform\u00e9ment \u00e0 la loi \u201cinformatique et libert\u00e9\u201d (LOI N8 78-17 DU 6 JANVIER 1978), vous disposez d\u2019un droit d\u2019acc\u00e8s, de rectification, et de suppression des donn\u00e9es relativement aux informations vous concernant. Vous pouvez l\u2019exercer \u00e0 tout moment, en nous informant par courrier \u00e9lectronique (contact@translinkcf.fr) ou par courrier simple : Translink CF France, \u00a04 avenue Hoche, 75008, Paris<\/p>\n<p><strong>Droit applicable et attribution de juridiction<\/strong><\/p>\n<p>Tout litige en relation avec l\u2019utilisation du site\u00a0<a href=\"https:\/\/translinkcf.fr\/en\/\">www.translinkcf.fr<\/a>\u00a0est soumis au droit fran\u00e7ais. Il est fait attribution exclusive de juridiction aux tribunaux comp\u00e9tents de Paris.<\/p>\n<\/div><\/section><br \/>\n\n<style type=\"text\/css\" data-created_by=\"avia_inline_auto\" id=\"style-css-av-4kl80p-3ab0a81a98337c8657f36c9b9cd0378e\">\n#top .hr.hr-invisible.av-4kl80p-3ab0a81a98337c8657f36c9b9cd0378e{\nheight:15px;\n}\n<\/style>\n<div  class='hr av-4kl80p-3ab0a81a98337c8657f36c9b9cd0378e hr-invisible  avia-builder-el-9  el_after_av_textblock  avia-builder-el-last'><span class='hr-inner'><span class=\"hr-inner-style\"><\/span><\/span><\/div><\/p><\/div><div class='flex_column av-2tozo9-b0f3610877832e6bec3760f1971d5c20 av_one_fifth  avia-builder-el-10  el_after_av_three_fifth  avia-builder-el-last  flex_column_div'     ><\/div><\/p>","protected":false},"excerpt":{"rendered":"","protected":false},"author":1,"featured_media":0,"parent":0,"menu_order":0,"comment_status":"closed","ping_status":"closed","template":"","meta":{"footnotes":""},"class_list":["post-7193","page","type-page","status-publish","hentry"],"yoast_head":"<!-- This site is optimized with the Yoast SEO plugin v26.8 - https:\/\/yoast.com\/product\/yoast-seo-wordpress\/ -->\n<title>Mentions l\u00e9gales - Translink CF France<\/title>\n<meta name=\"robots\" content=\"index, follow, max-snippet:-1, max-image-preview:large, max-video-preview:-1\" \/>\n<link rel=\"canonical\" href=\"https:\/\/translinkcf.fr\/en\/mentions-legales\/\" \/>\n<meta property=\"og:locale\" content=\"en_US\" \/>\n<meta property=\"og:type\" content=\"article\" \/>\n<meta property=\"og:title\" content=\"Mentions l\u00e9gales - Translink CF France\" \/>\n<meta property=\"og:url\" content=\"https:\/\/translinkcf.fr\/en\/mentions-legales\/\" \/>\n<meta property=\"og:site_name\" content=\"Translink CF France\" \/>\n<meta property=\"article:modified_time\" content=\"2024-02-09T13:55:53+00:00\" \/>\n<meta name=\"twitter:card\" content=\"summary_large_image\" \/>\n<meta name=\"twitter:label1\" content=\"Est. reading time\" \/>\n\t<meta name=\"twitter:data1\" content=\"11 minutes\" \/>\n<script type=\"application\/ld+json\" class=\"yoast-schema-graph\">{\"@context\":\"https:\/\/schema.org\",\"@graph\":[{\"@type\":\"WebPage\",\"@id\":\"https:\/\/translinkcf.fr\/mentions-legales\/\",\"url\":\"https:\/\/translinkcf.fr\/mentions-legales\/\",\"name\":\"Mentions l\u00e9gales - Translink CF France\",\"isPartOf\":{\"@id\":\"https:\/\/translinkcf.fr\/#website\"},\"datePublished\":\"2022-04-10T14:30:25+00:00\",\"dateModified\":\"2024-02-09T13:55:53+00:00\",\"breadcrumb\":{\"@id\":\"https:\/\/translinkcf.fr\/mentions-legales\/#breadcrumb\"},\"inLanguage\":\"en-US\",\"potentialAction\":[{\"@type\":\"ReadAction\",\"target\":[\"https:\/\/translinkcf.fr\/mentions-legales\/\"]}]},{\"@type\":\"BreadcrumbList\",\"@id\":\"https:\/\/translinkcf.fr\/mentions-legales\/#breadcrumb\",\"itemListElement\":[{\"@type\":\"ListItem\",\"position\":1,\"name\":\"Accueil\",\"item\":\"https:\/\/translinkcf.fr\/home\/\"},{\"@type\":\"ListItem\",\"position\":2,\"name\":\"Mentions l\u00e9gales\"}]},{\"@type\":\"WebSite\",\"@id\":\"https:\/\/translinkcf.fr\/#website\",\"url\":\"https:\/\/translinkcf.fr\/\",\"name\":\"Translink International AG\",\"description\":\"\",\"publisher\":{\"@id\":\"https:\/\/translinkcf.fr\/#organization\"},\"potentialAction\":[{\"@type\":\"SearchAction\",\"target\":{\"@type\":\"EntryPoint\",\"urlTemplate\":\"https:\/\/translinkcf.fr\/?s={search_term_string}\"},\"query-input\":{\"@type\":\"PropertyValueSpecification\",\"valueRequired\":true,\"valueName\":\"search_term_string\"}}],\"inLanguage\":\"en-US\"},{\"@type\":\"Organization\",\"@id\":\"https:\/\/translinkcf.fr\/#organization\",\"name\":\"Translink International AG\",\"url\":\"https:\/\/translinkcf.fr\/\",\"logo\":{\"@type\":\"ImageObject\",\"inLanguage\":\"en-US\",\"@id\":\"https:\/\/translinkcf.fr\/#\/schema\/logo\/image\/\",\"url\":\"https:\/\/translinkcf.fr\/wp-content\/uploads\/2022\/04\/TrnanslinkCF-logo-2022.png\",\"contentUrl\":\"https:\/\/translinkcf.fr\/wp-content\/uploads\/2022\/04\/TrnanslinkCF-logo-2022.png\",\"width\":2000,\"height\":401,\"caption\":\"Translink International AG\"},\"image\":{\"@id\":\"https:\/\/translinkcf.fr\/#\/schema\/logo\/image\/\"},\"sameAs\":[\"https:\/\/www.linkedin.com\/company\/translink-corporate-finance\"]}]}<\/script>\n<!-- \/ Yoast SEO plugin. -->","yoast_head_json":{"title":"Mentions l\u00e9gales - Translink CF France","robots":{"index":"index","follow":"follow","max-snippet":"max-snippet:-1","max-image-preview":"max-image-preview:large","max-video-preview":"max-video-preview:-1"},"canonical":"https:\/\/translinkcf.fr\/en\/mentions-legales\/","og_locale":"en_US","og_type":"article","og_title":"Mentions l\u00e9gales - Translink CF France","og_url":"https:\/\/translinkcf.fr\/en\/mentions-legales\/","og_site_name":"Translink CF France","article_modified_time":"2024-02-09T13:55:53+00:00","twitter_card":"summary_large_image","twitter_misc":{"Est. reading time":"11 minutes"},"schema":{"@context":"https:\/\/schema.org","@graph":[{"@type":"WebPage","@id":"https:\/\/translinkcf.fr\/mentions-legales\/","url":"https:\/\/translinkcf.fr\/mentions-legales\/","name":"Mentions l\u00e9gales - Translink CF France","isPartOf":{"@id":"https:\/\/translinkcf.fr\/#website"},"datePublished":"2022-04-10T14:30:25+00:00","dateModified":"2024-02-09T13:55:53+00:00","breadcrumb":{"@id":"https:\/\/translinkcf.fr\/mentions-legales\/#breadcrumb"},"inLanguage":"en-US","potentialAction":[{"@type":"ReadAction","target":["https:\/\/translinkcf.fr\/mentions-legales\/"]}]},{"@type":"BreadcrumbList","@id":"https:\/\/translinkcf.fr\/mentions-legales\/#breadcrumb","itemListElement":[{"@type":"ListItem","position":1,"name":"Accueil","item":"https:\/\/translinkcf.fr\/home\/"},{"@type":"ListItem","position":2,"name":"Mentions l\u00e9gales"}]},{"@type":"WebSite","@id":"https:\/\/translinkcf.fr\/#website","url":"https:\/\/translinkcf.fr\/","name":"Translink International AG","description":"","publisher":{"@id":"https:\/\/translinkcf.fr\/#organization"},"potentialAction":[{"@type":"SearchAction","target":{"@type":"EntryPoint","urlTemplate":"https:\/\/translinkcf.fr\/?s={search_term_string}"},"query-input":{"@type":"PropertyValueSpecification","valueRequired":true,"valueName":"search_term_string"}}],"inLanguage":"en-US"},{"@type":"Organization","@id":"https:\/\/translinkcf.fr\/#organization","name":"Translink International AG","url":"https:\/\/translinkcf.fr\/","logo":{"@type":"ImageObject","inLanguage":"en-US","@id":"https:\/\/translinkcf.fr\/#\/schema\/logo\/image\/","url":"https:\/\/translinkcf.fr\/wp-content\/uploads\/2022\/04\/TrnanslinkCF-logo-2022.png","contentUrl":"https:\/\/translinkcf.fr\/wp-content\/uploads\/2022\/04\/TrnanslinkCF-logo-2022.png","width":2000,"height":401,"caption":"Translink International AG"},"image":{"@id":"https:\/\/translinkcf.fr\/#\/schema\/logo\/image\/"},"sameAs":["https:\/\/www.linkedin.com\/company\/translink-corporate-finance"]}]}},"_links":{"self":[{"href":"https:\/\/translinkcf.fr\/en\/wp-json\/wp\/v2\/pages\/7193","targetHints":{"allow":["GET"]}}],"collection":[{"href":"https:\/\/translinkcf.fr\/en\/wp-json\/wp\/v2\/pages"}],"about":[{"href":"https:\/\/translinkcf.fr\/en\/wp-json\/wp\/v2\/types\/page"}],"author":[{"embeddable":true,"href":"https:\/\/translinkcf.fr\/en\/wp-json\/wp\/v2\/users\/1"}],"replies":[{"embeddable":true,"href":"https:\/\/translinkcf.fr\/en\/wp-json\/wp\/v2\/comments?post=7193"}],"version-history":[{"count":21,"href":"https:\/\/translinkcf.fr\/en\/wp-json\/wp\/v2\/pages\/7193\/revisions"}],"predecessor-version":[{"id":10619,"href":"https:\/\/translinkcf.fr\/en\/wp-json\/wp\/v2\/pages\/7193\/revisions\/10619"}],"wp:attachment":[{"href":"https:\/\/translinkcf.fr\/en\/wp-json\/wp\/v2\/media?parent=7193"}],"curies":[{"name":"wp","href":"https:\/\/api.w.org\/{rel}","templated":true}]}}