{"id":26878,"date":"2026-02-15T10:04:08","date_gmt":"2026-02-15T10:04:08","guid":{"rendered":"https:\/\/translinkcf.fr\/?page_id=26878"},"modified":"2026-04-08T19:52:16","modified_gmt":"2026-04-08T19:52:16","slug":"transactions","status":"publish","type":"page","link":"https:\/\/translinkcf.fr\/en\/transactions\/","title":{"rendered":"Transactions"},"content":{"rendered":"<style type=\"text\/css\" data-created_by=\"avia_inline_auto\" id=\"style-css-av-mlnl0xsj-0a3e4da39a9c45f0e7999706f50eec79\">\n.avia-section.av-mlnl0xsj-0a3e4da39a9c45f0e7999706f50eec79{\nbackground-repeat:no-repeat;\nbackground-image:url(https:\/\/translinkcf.fr\/wp-content\/uploads\/2026\/02\/transactions-hero_240425.webp);\nbackground-position:50% 50%;\nbackground-attachment:scroll;\n}\n.avia-section.av-mlnl0xsj-0a3e4da39a9c45f0e7999706f50eec79 .av-section-color-overlay{\nopacity:0.3;\nbackground-color:#000000;\n}\n<\/style>\n<div id='buy-side-contain'  class='avia-section av-mlnl0xsj-0a3e4da39a9c45f0e7999706f50eec79 main_color avia-section-default avia-no-border-styling  avia-builder-el-0  avia-builder-el-no-sibling  global_hero_section avia-bg-style-scroll av-section-color-overlay-active av-minimum-height av-minimum-height-40vw av-height-percent_width  container_wrap fullsize'  data-section-bg-repeat='no-repeat' data-av_minimum_height_pc='40' data-av_min_height_opt='percent_width'><div class=\"av-section-color-overlay-wrap\"><div class=\"av-section-color-overlay\"><\/div><div class='container av-section-cont-open' ><main  role=\"main\" itemprop=\"mainContentOfPage\"  class='template-page content  av-content-full alpha units'><div class='post-entry post-entry-type-page post-entry-26878'><div class='entry-content-wrapper clearfix'>\n\n<style type=\"text\/css\" data-created_by=\"avia_inline_auto\" id=\"style-css-av-mlnkx3sq-11af966945dd847dbe2ec567ab5002fa\">\n#top .av-special-heading.av-mlnkx3sq-11af966945dd847dbe2ec567ab5002fa{\nmargin:20px 0 20px 0;\npadding-bottom:10px;\ncolor:#ffffff;\nfont-size:45px;\n}\nbody .av-special-heading.av-mlnkx3sq-11af966945dd847dbe2ec567ab5002fa .av-special-heading-tag .heading-char{\nfont-size:25px;\n}\n#top #wrap_all .av-special-heading.av-mlnkx3sq-11af966945dd847dbe2ec567ab5002fa .av-special-heading-tag{\nfont-size:45px;\npadding:0 0 0 0;\n}\n.av-special-heading.av-mlnkx3sq-11af966945dd847dbe2ec567ab5002fa .special-heading-inner-border{\nborder-color:#ffffff;\n}\n.av-special-heading.av-mlnkx3sq-11af966945dd847dbe2ec567ab5002fa .av-subheading{\nfont-size:15px;\n}\n\n@media only screen and (min-width: 480px) and (max-width: 767px){ \n#top #wrap_all .av-special-heading.av-mlnkx3sq-11af966945dd847dbe2ec567ab5002fa .av-special-heading-tag{\nfont-size:0.8em;\n}\n}\n\n@media only screen and (max-width: 479px){ \n#top #wrap_all .av-special-heading.av-mlnkx3sq-11af966945dd847dbe2ec567ab5002fa .av-special-heading-tag{\nfont-size:0.8em;\n}\n}\n<\/style>\n<div  class='av-special-heading av-mlnkx3sq-11af966945dd847dbe2ec567ab5002fa av-special-heading-h1 custom-color-heading blockquote modern-quote modern-centered  avia-builder-el-1  el_before_av_one_fifth  avia-builder-el-first  boxed-text-span u-gsap-fade-up av-inherit-size'><h1 class='av-special-heading-tag'  itemprop=\"headline\"  >Transactions<\/h1><div class=\"special-heading-border\"><div class=\"special-heading-inner-border\"><\/div><\/div><\/div>\n<div  class='flex_column av-1hqomzi-e131ef2c16ae8f2c7ef378f38a7dcf14 av_one_fifth  avia-builder-el-2  el_after_av_heading  el_before_av_three_fifth  first flex_column_div'     ><\/div><div  class='flex_column av-17wdkvy-d01a3553912d185056e0047932c9634f av_three_fifth  avia-builder-el-3  el_after_av_one_fifth  el_before_av_one_fifth  flex_column_div'     ><style type=\"text\/css\" data-created_by=\"avia_inline_auto\" id=\"style-css-av-mlnl08yy-e72bab56c3fd994f39a757c6a28a61c8\">\n#top .av_textblock_section.av-mlnl08yy-e72bab56c3fd994f39a757c6a28a61c8 .avia_textblock{\nfont-size:18px;\ncolor:#ffffff;\n}\n\n@media only screen and (min-width: 480px) and (max-width: 767px){ \n#top .av_textblock_section.av-mlnl08yy-e72bab56c3fd994f39a757c6a28a61c8 .avia_textblock{\nfont-size:17px;\n}\n}\n\n@media only screen and (max-width: 479px){ \n#top .av_textblock_section.av-mlnl08yy-e72bab56c3fd994f39a757c6a28a61c8 .avia_textblock{\nfont-size:17px;\n}\n}\n<\/style>\n<section  class='av_textblock_section av-mlnl08yy-e72bab56c3fd994f39a757c6a28a61c8'   itemscope=\"itemscope\" itemtype=\"https:\/\/schema.org\/CreativeWork\" ><div class='avia_textblock justified u-gsap-fade-up u-text-light--weight av_inherit_color'  itemprop=\"text\" ><p>What drives us is delivering successful outcomes for our clients, aligned with their objectives. With deep local expertise across six continents, we close complex transactions that create value and accelerate our clients' growth. In the past three years alone, we have completed over 400 transactions for our clients, across a wide range of sectors and multiple continents.<\/p>\n<\/div><\/section><\/div><div  class='flex_column av-ll7ttq-c2c57e4e23a5428fdab3a5c0cf624b0d av_one_fifth  avia-builder-el-5  el_after_av_three_fifth  avia-builder-el-last  flex_column_div'     ><\/div>","protected":false},"excerpt":{"rendered":"","protected":false},"author":1,"featured_media":0,"parent":0,"menu_order":0,"comment_status":"closed","ping_status":"closed","template":"template-global-transactions.php","meta":{"footnotes":""},"class_list":["post-26878","page","type-page","status-publish","hentry"],"yoast_head":"<!-- This site is optimized with the Yoast SEO plugin v26.7 - https:\/\/yoast.com\/wordpress\/plugins\/seo\/ -->\n<title>Nos transactions | Translink CF France<\/title>\n<meta name=\"description\" content=\"D\u00e9couvrez les derni\u00e8res transactions r\u00e9alis\u00e9es par Translink CF France.\" \/>\n<meta name=\"robots\" content=\"noindex, follow, max-snippet:-1, max-image-preview:large, max-video-preview:-1\" \/>\n<meta property=\"og:locale\" content=\"en_US\" \/>\n<meta property=\"og:type\" content=\"article\" \/>\n<meta property=\"og:title\" content=\"Nos transactions | Translink CF France\" \/>\n<meta property=\"og:description\" content=\"D\u00e9couvrez les derni\u00e8res transactions r\u00e9alis\u00e9es par Translink CF France.\" \/>\n<meta property=\"og:url\" content=\"https:\/\/translinkcf.fr\/en\/transactions\/\" \/>\n<meta property=\"og:site_name\" content=\"Translink CF France\" \/>\n<meta property=\"article:modified_time\" content=\"2026-04-08T19:52:16+00:00\" \/>\n<meta name=\"twitter:card\" content=\"summary_large_image\" \/>\n<meta name=\"twitter:label1\" content=\"Est. reading time\" \/>\n\t<meta name=\"twitter:data1\" content=\"1 minute\" \/>\n<script type=\"application\/ld+json\" class=\"yoast-schema-graph\">{\"@context\":\"https:\/\/schema.org\",\"@graph\":[{\"@type\":\"WebPage\",\"@id\":\"https:\/\/translinkcf.fr\/transactions\/\",\"url\":\"https:\/\/translinkcf.fr\/transactions\/\",\"name\":\"Nos transactions | Translink CF France\",\"isPartOf\":{\"@id\":\"https:\/\/translinkcf.fr\/#website\"},\"datePublished\":\"2026-02-15T10:04:08+00:00\",\"dateModified\":\"2026-04-08T19:52:16+00:00\",\"description\":\"D\u00e9couvrez les derni\u00e8res transactions r\u00e9alis\u00e9es par Translink CF France.\",\"breadcrumb\":{\"@id\":\"https:\/\/translinkcf.fr\/transactions\/#breadcrumb\"},\"inLanguage\":\"en-US\",\"potentialAction\":[{\"@type\":\"ReadAction\",\"target\":[\"https:\/\/translinkcf.fr\/transactions\/\"]}]},{\"@type\":\"BreadcrumbList\",\"@id\":\"https:\/\/translinkcf.fr\/transactions\/#breadcrumb\",\"itemListElement\":[{\"@type\":\"ListItem\",\"position\":1,\"name\":\"Accueil\",\"item\":\"https:\/\/translinkcf.fr\/home\/\"},{\"@type\":\"ListItem\",\"position\":2,\"name\":\"Transactions\"}]},{\"@type\":\"WebSite\",\"@id\":\"https:\/\/translinkcf.fr\/#website\",\"url\":\"https:\/\/translinkcf.fr\/\",\"name\":\"Translink International AG\",\"description\":\"\",\"publisher\":{\"@id\":\"https:\/\/translinkcf.fr\/#organization\"},\"potentialAction\":[{\"@type\":\"SearchAction\",\"target\":{\"@type\":\"EntryPoint\",\"urlTemplate\":\"https:\/\/translinkcf.fr\/?s={search_term_string}\"},\"query-input\":{\"@type\":\"PropertyValueSpecification\",\"valueRequired\":true,\"valueName\":\"search_term_string\"}}],\"inLanguage\":\"en-US\"},{\"@type\":\"Organization\",\"@id\":\"https:\/\/translinkcf.fr\/#organization\",\"name\":\"Translink International AG\",\"url\":\"https:\/\/translinkcf.fr\/\",\"logo\":{\"@type\":\"ImageObject\",\"inLanguage\":\"en-US\",\"@id\":\"https:\/\/translinkcf.fr\/#\/schema\/logo\/image\/\",\"url\":\"https:\/\/translinkcf.fr\/wp-content\/uploads\/2022\/04\/TrnanslinkCF-logo-2022.png\",\"contentUrl\":\"https:\/\/translinkcf.fr\/wp-content\/uploads\/2022\/04\/TrnanslinkCF-logo-2022.png\",\"width\":2000,\"height\":401,\"caption\":\"Translink International AG\"},\"image\":{\"@id\":\"https:\/\/translinkcf.fr\/#\/schema\/logo\/image\/\"},\"sameAs\":[\"https:\/\/www.linkedin.com\/company\/translink-corporate-finance\"]}]}<\/script>\n<!-- \/ Yoast SEO plugin. -->","yoast_head_json":{"title":"Nos transactions | Translink CF France","description":"D\u00e9couvrez les derni\u00e8res transactions r\u00e9alis\u00e9es par Translink CF France.","robots":{"index":"noindex","follow":"follow","max-snippet":"max-snippet:-1","max-image-preview":"max-image-preview:large","max-video-preview":"max-video-preview:-1"},"og_locale":"en_US","og_type":"article","og_title":"Nos transactions | Translink CF France","og_description":"D\u00e9couvrez les derni\u00e8res transactions r\u00e9alis\u00e9es par Translink CF France.","og_url":"https:\/\/translinkcf.fr\/en\/transactions\/","og_site_name":"Translink CF France","article_modified_time":"2026-04-08T19:52:16+00:00","twitter_card":"summary_large_image","twitter_misc":{"Est. reading time":"1 minute"},"schema":{"@context":"https:\/\/schema.org","@graph":[{"@type":"WebPage","@id":"https:\/\/translinkcf.fr\/transactions\/","url":"https:\/\/translinkcf.fr\/transactions\/","name":"Nos transactions | Translink CF France","isPartOf":{"@id":"https:\/\/translinkcf.fr\/#website"},"datePublished":"2026-02-15T10:04:08+00:00","dateModified":"2026-04-08T19:52:16+00:00","description":"D\u00e9couvrez les derni\u00e8res transactions r\u00e9alis\u00e9es par Translink CF France.","breadcrumb":{"@id":"https:\/\/translinkcf.fr\/transactions\/#breadcrumb"},"inLanguage":"en-US","potentialAction":[{"@type":"ReadAction","target":["https:\/\/translinkcf.fr\/transactions\/"]}]},{"@type":"BreadcrumbList","@id":"https:\/\/translinkcf.fr\/transactions\/#breadcrumb","itemListElement":[{"@type":"ListItem","position":1,"name":"Accueil","item":"https:\/\/translinkcf.fr\/home\/"},{"@type":"ListItem","position":2,"name":"Transactions"}]},{"@type":"WebSite","@id":"https:\/\/translinkcf.fr\/#website","url":"https:\/\/translinkcf.fr\/","name":"Translink International AG","description":"","publisher":{"@id":"https:\/\/translinkcf.fr\/#organization"},"potentialAction":[{"@type":"SearchAction","target":{"@type":"EntryPoint","urlTemplate":"https:\/\/translinkcf.fr\/?s={search_term_string}"},"query-input":{"@type":"PropertyValueSpecification","valueRequired":true,"valueName":"search_term_string"}}],"inLanguage":"en-US"},{"@type":"Organization","@id":"https:\/\/translinkcf.fr\/#organization","name":"Translink International AG","url":"https:\/\/translinkcf.fr\/","logo":{"@type":"ImageObject","inLanguage":"en-US","@id":"https:\/\/translinkcf.fr\/#\/schema\/logo\/image\/","url":"https:\/\/translinkcf.fr\/wp-content\/uploads\/2022\/04\/TrnanslinkCF-logo-2022.png","contentUrl":"https:\/\/translinkcf.fr\/wp-content\/uploads\/2022\/04\/TrnanslinkCF-logo-2022.png","width":2000,"height":401,"caption":"Translink International AG"},"image":{"@id":"https:\/\/translinkcf.fr\/#\/schema\/logo\/image\/"},"sameAs":["https:\/\/www.linkedin.com\/company\/translink-corporate-finance"]}]}},"_links":{"self":[{"href":"https:\/\/translinkcf.fr\/en\/wp-json\/wp\/v2\/pages\/26878","targetHints":{"allow":["GET"]}}],"collection":[{"href":"https:\/\/translinkcf.fr\/en\/wp-json\/wp\/v2\/pages"}],"about":[{"href":"https:\/\/translinkcf.fr\/en\/wp-json\/wp\/v2\/types\/page"}],"author":[{"embeddable":true,"href":"https:\/\/translinkcf.fr\/en\/wp-json\/wp\/v2\/users\/1"}],"replies":[{"embeddable":true,"href":"https:\/\/translinkcf.fr\/en\/wp-json\/wp\/v2\/comments?post=26878"}],"version-history":[{"count":3,"href":"https:\/\/translinkcf.fr\/en\/wp-json\/wp\/v2\/pages\/26878\/revisions"}],"predecessor-version":[{"id":27356,"href":"https:\/\/translinkcf.fr\/en\/wp-json\/wp\/v2\/pages\/26878\/revisions\/27356"}],"wp:attachment":[{"href":"https:\/\/translinkcf.fr\/en\/wp-json\/wp\/v2\/media?parent=26878"}],"curies":[{"name":"wp","href":"https:\/\/api.w.org\/{rel}","templated":true}]}}