{"id":11723,"date":"2024-10-14T08:30:08","date_gmt":"2024-10-14T08:30:08","guid":{"rendered":"https:\/\/translinkcf.fr\/?page_id=11723"},"modified":"2026-01-20T08:00:05","modified_gmt":"2026-01-20T08:00:05","slug":"levee-de-fonds","status":"publish","type":"page","link":"https:\/\/translinkcf.fr\/en\/services\/levee-de-fonds\/","title":{"rendered":"Fundraising"},"content":{"rendered":"<style type=\"text\/css\" data-created_by=\"avia_inline_auto\" id=\"style-css-av-kzfezjfo-7e3ca30d2f8d2748af9b0cf06a2a3dda\">\n.avia-section.av-kzfezjfo-7e3ca30d2f8d2748af9b0cf06a2a3dda .av-parallax .av-parallax-inner{\nbackground-repeat:no-repeat;\nbackground-image:url(https:\/\/translinkcf.fr\/wp-content\/uploads\/2022\/02\/it-hero-300x200.jpg);\nbackground-position:50% 50%;\nbackground-attachment:scroll;\n}\n.avia-section.av-kzfezjfo-7e3ca30d2f8d2748af9b0cf06a2a3dda .av-section-color-overlay{\nopacity:0.9;\nbackground-color:#17254e;\n}\n<\/style>\n<div id='industry-sector-hero-section'  class='avia-section av-kzfezjfo-7e3ca30d2f8d2748af9b0cf06a2a3dda main_color avia-section-default avia-no-border-styling  avia-builder-el-0  el_before_av_one_full  avia-builder-el-first  avia-full-stretch av-parallax-section avia-bg-style-parallax av-section-color-overlay-active av-minimum-height av-minimum-height-50  container_wrap fullsize'  data-section-bg-repeat='stretch' data-av_minimum_height_pc='50'><div class='av-parallax' data-avia-parallax-ratio='0.3' ><div class='av-parallax-inner main_color avia-full-stretch'><\/div><\/div><div class=\"av-section-color-overlay-wrap\"><div class=\"av-section-color-overlay\"><\/div><div class='container av-section-cont-open' ><main  role=\"main\" itemprop=\"mainContentOfPage\"  class='template-page content  av-content-full alpha units'><div class='post-entry post-entry-type-page post-entry-11723'><div class='entry-content-wrapper clearfix'>\n<div class='flex_column av-bbej20-d5760394bb98c038ea1f8336bb6d8ac1 av_one_fifth  avia-builder-el-1  el_before_av_three_fifth  avia-builder-el-first  first flex_column_div'     ><\/div><div class='flex_column av-8zamfc-2d5a012d1f317d83488e86ea7cd8da66 av_three_fifth  avia-builder-el-2  el_after_av_one_fifth  el_before_av_one_fifth  flex_column_div'     ><p>\n<style type=\"text\/css\" data-created_by=\"avia_inline_auto\" id=\"style-css-av-kz5nvt9v-7966640ab1d8d7aea0b315e4bd965787\">\n#top .av-special-heading.av-kz5nvt9v-7966640ab1d8d7aea0b315e4bd965787{\nmargin:0 0 0 0;\npadding-bottom:0;\ncolor:#ffffff;\nfont-size:45px;\n}\nbody .av-special-heading.av-kz5nvt9v-7966640ab1d8d7aea0b315e4bd965787 .av-special-heading-tag .heading-char{\nfont-size:25px;\n}\n#top #wrap_all .av-special-heading.av-kz5nvt9v-7966640ab1d8d7aea0b315e4bd965787 .av-special-heading-tag{\nfont-size:45px;\n}\n.av-special-heading.av-kz5nvt9v-7966640ab1d8d7aea0b315e4bd965787 .special-heading-inner-border{\nborder-color:#ffffff;\n}\n.av-special-heading.av-kz5nvt9v-7966640ab1d8d7aea0b315e4bd965787 .av-subheading{\nfont-size:15px;\n}\n\n@media only screen and (min-width: 480px) and (max-width: 767px){ \n#top #wrap_all .av-special-heading.av-kz5nvt9v-7966640ab1d8d7aea0b315e4bd965787 .av-special-heading-tag{\nfont-size:0.8em;\n}\n}\n\n@media only screen and (max-width: 479px){ \n#top #wrap_all .av-special-heading.av-kz5nvt9v-7966640ab1d8d7aea0b315e4bd965787 .av-special-heading-tag{\nfont-size:0.8em;\n}\n}\n<\/style>\n<div  class='av-special-heading av-kz5nvt9v-7966640ab1d8d7aea0b315e4bd965787 av-special-heading-h1 custom-color-heading blockquote modern-quote  avia-builder-el-3  el_before_av_textblock  avia-builder-el-first  av-inherit-size'><h1 class='av-special-heading-tag'  itemprop=\"headline\"  >Besoin d\u2019une lev\u00e9e de fonds\u2009? Translink CF vous accompagne dans vos projets de croissance !<\/h1><div class=\"special-heading-border\"><div class=\"special-heading-inner-border\"><\/div><\/div><\/div><br \/>\n\n<style type=\"text\/css\" data-created_by=\"avia_inline_auto\" id=\"style-css-av-lzwf1m5r-22161553151d9722d7bc630f4ea240cd\">\n#top .av_textblock_section.av-lzwf1m5r-22161553151d9722d7bc630f4ea240cd .avia_textblock{\ncolor:#ffffff;\n}\n<\/style>\n<section  class='av_textblock_section av-lzwf1m5r-22161553151d9722d7bc630f4ea240cd'  itemscope=\"itemscope\" itemtype=\"https:\/\/schema.org\/CreativeWork\" ><div class='avia_textblock av_inherit_color'  itemprop=\"text\" ><p><span style=\"font-weight: 400;\">Translink Corporate Finance (Translink CF) se positionne comme un acteur incontournable dans l\u2019accompagnement des entreprises pour leurs lev\u00e9es de fonds, particuli\u00e8rement sur les s\u00e9ries B et C. Riche d\u2019une expertise solide dans les secteurs des TMT (Technologies &#8211; M\u00e9dias \u2013 T\u00e9l\u00e9communications), de la sant\u00e9 et de l\u2019environnement, Translink CF s\u2019adresse principalement \u00e0 des entreprises ayant d\u00e9j\u00e0 une activit\u00e9 commerciale av\u00e9r\u00e9e. Notre intervention s\u2019\u00e9tend sur des lev\u00e9es de fonds entre 5 et 50 millions d\u2019euros, visant \u00e0 soutenir des entreprises en hypercroissance et\/ou \u00e0 faciliter des strat\u00e9gies d\u2019acquisition.<\/span><\/p>\n<\/div><\/section><\/p><\/div><div class='flex_column av-6wld5k-5de6381a90018286b80646e081eedf93 av_one_fifth  avia-builder-el-5  el_after_av_three_fifth  avia-builder-el-last  flex_column_div'     ><\/div><\/div><\/div><\/main><!-- close content main element --><\/div><\/div><\/div><div id='after_section_1'  class='main_color av_default_container_wrap container_wrap fullsize'  ><div class='container av-section-cont-open' ><div class='template-page content  av-content-full alpha units'><div class='post-entry post-entry-type-page post-entry-11723'><div class='entry-content-wrapper clearfix'><div class='flex_column av-nk8ijp-35753da93687b0ed1303512bce83772c av_one_full  avia-builder-el-6  el_after_av_section  avia-builder-el-no-sibling  first flex_column_div'     ><section  class='av_textblock_section av-lzwegina-4cfee0d118039c9242388cc82085d88a'  itemscope=\"itemscope\" itemtype=\"https:\/\/schema.org\/CreativeWork\" ><div class='avia_textblock'  itemprop=\"text\" ><h2>Misez sur l\u2019expertise Translink CF pour vos lev\u00e9es de fonds de s\u00e9ries B et C<\/h2>\n<p>Translink CF se distingue par sa sp\u00e9cialisation dans les lev\u00e9es de fonds de s\u00e9ries B et C. Contrairement aux phases d\u2019amor\u00e7age (s\u00e9rie A), ces \u00e9tapes cruciales de financement concernent des entreprises qui ont d\u00e9j\u00e0 valid\u00e9 leur mod\u00e8le \u00e9conomique et qui cherchent \u00e0 passer \u00e0 l\u2019\u00e9chelle sup\u00e9rieure.<\/p>\n<ul>\n<li>Les lev\u00e9es de fonds de s\u00e9rie B permettent g\u00e9n\u00e9ralement de consolider la position de l\u2019entreprise sur son march\u00e9 actuel. Les investisseurs concern\u00e9s par une lev\u00e9e de fonds en s\u00e9rie B sont le plus souvent des capital-risqueurs ayant particip\u00e9 \u00e0 la lev\u00e9e de fonds en s\u00e9rie A et d\u2019autres qui sont s\u00e9duits par la premi\u00e8re phase de croissance de l\u2019entreprise<\/li>\n<li>De leur c\u00f4t\u00e9, les lev\u00e9es de fonds de s\u00e9rie C concernent les entreprises ayant d\u00e9j\u00e0 acquis une notori\u00e9t\u00e9 importante et qui souhaitent passer \u00e0 l\u2019\u00e9chelon sup\u00e9rieur : positionnement pour une entr\u00e9e en bourse (IPO), acquisition majeure, gros projet de diversification de l\u2019activit\u00e9\u2026 Une lev\u00e9e de fonds de s\u00e9rie C peut aussi bien attirer des capital-risqueurs que des fonds d\u2019investissement, des banques d\u2019affaires ou des partenaires institutionnels<\/li>\n<\/ul>\n<p>Gr\u00e2ce \u00e0 son r\u00e9seau international et \u00e0 ses partenariats solides avec des fonds d\u2019investissement, Translink CF, assure un accompagnement sur mesure pour r\u00e9pondre aux ambitions strat\u00e9giques de croissance des entreprises.<\/p>\n<h2>Des solutions de financement sur mesure<\/h2>\n<p>Chez Translink CF, nous comprenons que chaque entreprise est unique et m\u00e9rite une approche personnalis\u00e9e. C\u2019est pourquoi nos \u00e9quipes expertes \u00e9valuent les besoins sp\u00e9cifiques de chaque projet et con\u00e7oivent des solutions de financement adapt\u00e9es. Que ce soit pour une entreprise en hypercroissance cherchant \u00e0 s\u2019implanter sur de nouveaux march\u00e9s ou pour une soci\u00e9t\u00e9 envisageant une acquisition strat\u00e9gique, nous mobilisons les fonds d\u2019investissement fran\u00e7ais et \u00e9trangers les plus adapt\u00e9s pour apporter les ressources n\u00e9cessaires. Nous assurons un accompagnement complet, depuis la pr\u00e9paration de la documentation financi\u00e8re jusqu\u2019\u00e0 la n\u00e9gociation des termes de l\u2019investissement, en passant par la mise en relation avec des investisseurs potentiels.<\/p>\n<h2>Une expertise sectorielle et une port\u00e9e internationale pour vos lev\u00e9es de fonds<\/h2>\n<p>En choisissant d\u2019\u00eatre accompagn\u00e9 par Translink CF pour votre projet de lev\u00e9e de fonds, vous \u00eates s\u00fbr de profiter de nombreuses garanties.<br \/>\nNotre expertise sectorielle approfondie nous permet de comprendre les dynamiques sp\u00e9cifiques \u00e0 des march\u00e9s aussi divers que ceux :<\/p>\n<ul>\n<li>Des TMT (Technologies &#8211; M\u00e9dias \u2013 T\u00e9l\u00e9communications)<\/li>\n<li>De la sant\u00e9 et de l\u2019environnement<\/li>\n<li>Des services aux entreprises<\/li>\n<li>Du retail<\/li>\n<li>De la mobilit\u00e9<\/li>\n<\/ul>\n<p>Gr\u00e2ce \u00e0 notre port\u00e9e internationale, nous sommes en mesure de connecter nos clients avec un r\u00e9seau mondial d\u2019investisseurs, maximisant ainsi les opportunit\u00e9s de financement.<br \/>\nEnfin, <a href=\"https:\/\/translinkcf.fr\/en\/services\/\">nos services<\/a> personnalis\u00e9s et notre engagement \u00e0 long terme assurent une relation de confiance et une transparence tout au long du processus de lev\u00e9e de fonds.<\/p>\n<p>Avec Translink CF, votre projet de lev\u00e9e de fonds prend une nouvelle dimension. Que vous cherchiez \u00e0 consolider votre croissance, \u00e0 pr\u00e9parer une entr\u00e9e en bourse ou \u00e0 \u00e9tendre votre pr\u00e9sence internationale, nous sommes l\u00e0 pour vous aider \u00e0 atteindre vos objectifs. Faites confiance \u00e0 une banque d\u2019affaires qui comprend vos enjeux et qui s\u2019engage \u00e0 transformer vos ambitions en succ\u00e8s tangibles. Contactez-nous d\u00e8s aujourd\u2019hui pour explorer les possibilit\u00e9s de partenariat et maximiser votre potentiel de croissance.<\/p>\n<\/div><\/section><\/div><\/p>","protected":false},"excerpt":{"rendered":"","protected":false},"author":4,"featured_media":0,"parent":1002,"menu_order":0,"comment_status":"closed","ping_status":"closed","template":"","meta":{"footnotes":""},"class_list":["post-11723","page","type-page","status-publish","hentry"],"yoast_head":"<!-- This site is optimized with the Yoast SEO plugin v26.8 - https:\/\/yoast.com\/product\/yoast-seo-wordpress\/ -->\n<title>Lev\u00e9e de fonds | TRANSLINK CF<\/title>\n<meta name=\"robots\" content=\"index, follow, max-snippet:-1, max-image-preview:large, max-video-preview:-1\" \/>\n<link rel=\"canonical\" href=\"https:\/\/translinkcf.fr\/en\/services\/levee-de-fonds\/\" \/>\n<meta property=\"og:locale\" content=\"en_US\" \/>\n<meta property=\"og:type\" content=\"article\" \/>\n<meta property=\"og:title\" content=\"Lev\u00e9e de fonds | TRANSLINK CF\" \/>\n<meta property=\"og:url\" content=\"https:\/\/translinkcf.fr\/en\/services\/levee-de-fonds\/\" \/>\n<meta property=\"og:site_name\" content=\"Translink CF France\" \/>\n<meta property=\"article:modified_time\" content=\"2026-01-20T08:00:05+00:00\" \/>\n<meta name=\"twitter:card\" content=\"summary_large_image\" \/>\n<meta name=\"twitter:label1\" content=\"Est. reading time\" \/>\n\t<meta name=\"twitter:data1\" content=\"3 minutes\" \/>\n<script type=\"application\/ld+json\" class=\"yoast-schema-graph\">{\"@context\":\"https:\/\/schema.org\",\"@graph\":[{\"@type\":\"WebPage\",\"@id\":\"https:\/\/translinkcf.fr\/services\/levee-de-fonds\/\",\"url\":\"https:\/\/translinkcf.fr\/services\/levee-de-fonds\/\",\"name\":\"Lev\u00e9e de fonds | TRANSLINK CF\",\"isPartOf\":{\"@id\":\"https:\/\/translinkcf.fr\/#website\"},\"datePublished\":\"2024-10-14T08:30:08+00:00\",\"dateModified\":\"2026-01-20T08:00:05+00:00\",\"breadcrumb\":{\"@id\":\"https:\/\/translinkcf.fr\/services\/levee-de-fonds\/#breadcrumb\"},\"inLanguage\":\"en-US\",\"potentialAction\":[{\"@type\":\"ReadAction\",\"target\":[\"https:\/\/translinkcf.fr\/services\/levee-de-fonds\/\"]}]},{\"@type\":\"BreadcrumbList\",\"@id\":\"https:\/\/translinkcf.fr\/services\/levee-de-fonds\/#breadcrumb\",\"itemListElement\":[{\"@type\":\"ListItem\",\"position\":1,\"name\":\"Accueil\",\"item\":\"https:\/\/translinkcf.fr\/home\/\"},{\"@type\":\"ListItem\",\"position\":2,\"name\":\"Services\",\"item\":\"https:\/\/translinkcf.fr\/services\/\"},{\"@type\":\"ListItem\",\"position\":3,\"name\":\"Lev\u00e9e de fonds\"}]},{\"@type\":\"WebSite\",\"@id\":\"https:\/\/translinkcf.fr\/#website\",\"url\":\"https:\/\/translinkcf.fr\/\",\"name\":\"Translink International AG\",\"description\":\"\",\"publisher\":{\"@id\":\"https:\/\/translinkcf.fr\/#organization\"},\"potentialAction\":[{\"@type\":\"SearchAction\",\"target\":{\"@type\":\"EntryPoint\",\"urlTemplate\":\"https:\/\/translinkcf.fr\/?s={search_term_string}\"},\"query-input\":{\"@type\":\"PropertyValueSpecification\",\"valueRequired\":true,\"valueName\":\"search_term_string\"}}],\"inLanguage\":\"en-US\"},{\"@type\":\"Organization\",\"@id\":\"https:\/\/translinkcf.fr\/#organization\",\"name\":\"Translink International AG\",\"url\":\"https:\/\/translinkcf.fr\/\",\"logo\":{\"@type\":\"ImageObject\",\"inLanguage\":\"en-US\",\"@id\":\"https:\/\/translinkcf.fr\/#\/schema\/logo\/image\/\",\"url\":\"https:\/\/translinkcf.fr\/wp-content\/uploads\/2022\/04\/TrnanslinkCF-logo-2022.png\",\"contentUrl\":\"https:\/\/translinkcf.fr\/wp-content\/uploads\/2022\/04\/TrnanslinkCF-logo-2022.png\",\"width\":2000,\"height\":401,\"caption\":\"Translink International AG\"},\"image\":{\"@id\":\"https:\/\/translinkcf.fr\/#\/schema\/logo\/image\/\"},\"sameAs\":[\"https:\/\/www.linkedin.com\/company\/translink-corporate-finance\"]}]}<\/script>\n<!-- \/ Yoast SEO plugin. -->","yoast_head_json":{"title":"Lev\u00e9e de fonds | TRANSLINK CF","robots":{"index":"index","follow":"follow","max-snippet":"max-snippet:-1","max-image-preview":"max-image-preview:large","max-video-preview":"max-video-preview:-1"},"canonical":"https:\/\/translinkcf.fr\/en\/services\/levee-de-fonds\/","og_locale":"en_US","og_type":"article","og_title":"Lev\u00e9e de fonds | TRANSLINK CF","og_url":"https:\/\/translinkcf.fr\/en\/services\/levee-de-fonds\/","og_site_name":"Translink CF France","article_modified_time":"2026-01-20T08:00:05+00:00","twitter_card":"summary_large_image","twitter_misc":{"Est. reading time":"3 minutes"},"schema":{"@context":"https:\/\/schema.org","@graph":[{"@type":"WebPage","@id":"https:\/\/translinkcf.fr\/services\/levee-de-fonds\/","url":"https:\/\/translinkcf.fr\/services\/levee-de-fonds\/","name":"Lev\u00e9e de fonds | TRANSLINK CF","isPartOf":{"@id":"https:\/\/translinkcf.fr\/#website"},"datePublished":"2024-10-14T08:30:08+00:00","dateModified":"2026-01-20T08:00:05+00:00","breadcrumb":{"@id":"https:\/\/translinkcf.fr\/services\/levee-de-fonds\/#breadcrumb"},"inLanguage":"en-US","potentialAction":[{"@type":"ReadAction","target":["https:\/\/translinkcf.fr\/services\/levee-de-fonds\/"]}]},{"@type":"BreadcrumbList","@id":"https:\/\/translinkcf.fr\/services\/levee-de-fonds\/#breadcrumb","itemListElement":[{"@type":"ListItem","position":1,"name":"Accueil","item":"https:\/\/translinkcf.fr\/home\/"},{"@type":"ListItem","position":2,"name":"Services","item":"https:\/\/translinkcf.fr\/services\/"},{"@type":"ListItem","position":3,"name":"Lev\u00e9e de fonds"}]},{"@type":"WebSite","@id":"https:\/\/translinkcf.fr\/#website","url":"https:\/\/translinkcf.fr\/","name":"Translink International AG","description":"","publisher":{"@id":"https:\/\/translinkcf.fr\/#organization"},"potentialAction":[{"@type":"SearchAction","target":{"@type":"EntryPoint","urlTemplate":"https:\/\/translinkcf.fr\/?s={search_term_string}"},"query-input":{"@type":"PropertyValueSpecification","valueRequired":true,"valueName":"search_term_string"}}],"inLanguage":"en-US"},{"@type":"Organization","@id":"https:\/\/translinkcf.fr\/#organization","name":"Translink International AG","url":"https:\/\/translinkcf.fr\/","logo":{"@type":"ImageObject","inLanguage":"en-US","@id":"https:\/\/translinkcf.fr\/#\/schema\/logo\/image\/","url":"https:\/\/translinkcf.fr\/wp-content\/uploads\/2022\/04\/TrnanslinkCF-logo-2022.png","contentUrl":"https:\/\/translinkcf.fr\/wp-content\/uploads\/2022\/04\/TrnanslinkCF-logo-2022.png","width":2000,"height":401,"caption":"Translink International AG"},"image":{"@id":"https:\/\/translinkcf.fr\/#\/schema\/logo\/image\/"},"sameAs":["https:\/\/www.linkedin.com\/company\/translink-corporate-finance"]}]}},"_links":{"self":[{"href":"https:\/\/translinkcf.fr\/en\/wp-json\/wp\/v2\/pages\/11723","targetHints":{"allow":["GET"]}}],"collection":[{"href":"https:\/\/translinkcf.fr\/en\/wp-json\/wp\/v2\/pages"}],"about":[{"href":"https:\/\/translinkcf.fr\/en\/wp-json\/wp\/v2\/types\/page"}],"author":[{"embeddable":true,"href":"https:\/\/translinkcf.fr\/en\/wp-json\/wp\/v2\/users\/4"}],"replies":[{"embeddable":true,"href":"https:\/\/translinkcf.fr\/en\/wp-json\/wp\/v2\/comments?post=11723"}],"version-history":[{"count":1,"href":"https:\/\/translinkcf.fr\/en\/wp-json\/wp\/v2\/pages\/11723\/revisions"}],"predecessor-version":[{"id":11724,"href":"https:\/\/translinkcf.fr\/en\/wp-json\/wp\/v2\/pages\/11723\/revisions\/11724"}],"up":[{"embeddable":true,"href":"https:\/\/translinkcf.fr\/en\/wp-json\/wp\/v2\/pages\/1002"}],"wp:attachment":[{"href":"https:\/\/translinkcf.fr\/en\/wp-json\/wp\/v2\/media?parent=11723"}],"curies":[{"name":"wp","href":"https:\/\/api.w.org\/{rel}","templated":true}]}}