{"id":11661,"date":"2024-08-16T08:04:41","date_gmt":"2024-08-16T08:04:41","guid":{"rendered":"https:\/\/translinkcf.fr\/?page_id=11661"},"modified":"2026-01-20T08:00:06","modified_gmt":"2026-01-20T08:00:06","slug":"cessions","status":"publish","type":"page","link":"https:\/\/translinkcf.fr\/en\/services\/fusions-acquisitions\/ma\/cessions\/","title":{"rendered":"Cessions"},"content":{"rendered":"<style type=\"text\/css\" data-created_by=\"avia_inline_auto\" id=\"style-css-av-kzfezjfo-7e3ca30d2f8d2748af9b0cf06a2a3dda\">\n.avia-section.av-kzfezjfo-7e3ca30d2f8d2748af9b0cf06a2a3dda .av-parallax .av-parallax-inner{\nbackground-repeat:no-repeat;\nbackground-image:url(https:\/\/translinkcf.fr\/wp-content\/uploads\/2022\/02\/it-hero-300x200.jpg);\nbackground-position:50% 50%;\nbackground-attachment:scroll;\n}\n.avia-section.av-kzfezjfo-7e3ca30d2f8d2748af9b0cf06a2a3dda .av-section-color-overlay{\nopacity:0.9;\nbackground-color:#17254e;\n}\n<\/style>\n<div id='industry-sector-hero-section'  class='avia-section av-kzfezjfo-7e3ca30d2f8d2748af9b0cf06a2a3dda main_color avia-section-default avia-no-border-styling  avia-builder-el-0  el_before_av_one_full  avia-builder-el-first  avia-full-stretch av-parallax-section avia-bg-style-parallax av-section-color-overlay-active av-minimum-height av-minimum-height-50  container_wrap fullsize'  data-section-bg-repeat='stretch' data-av_minimum_height_pc='50'><div class='av-parallax' data-avia-parallax-ratio='0.3' ><div class='av-parallax-inner main_color avia-full-stretch'><\/div><\/div><div class=\"av-section-color-overlay-wrap\"><div class=\"av-section-color-overlay\"><\/div><div class='container av-section-cont-open' ><main  role=\"main\" itemprop=\"mainContentOfPage\"  class='template-page content  av-content-full alpha units'><div class='post-entry post-entry-type-page post-entry-11661'><div class='entry-content-wrapper clearfix'>\n<div class='flex_column av-bbej20-d5760394bb98c038ea1f8336bb6d8ac1 av_one_fifth  avia-builder-el-1  el_before_av_three_fifth  avia-builder-el-first  first flex_column_div'     ><\/div><div class='flex_column av-8zamfc-2d5a012d1f317d83488e86ea7cd8da66 av_three_fifth  avia-builder-el-2  el_after_av_one_fifth  el_before_av_one_fifth  flex_column_div'     ><p>\n<style type=\"text\/css\" data-created_by=\"avia_inline_auto\" id=\"style-css-av-kz5nvt9v-d1abffa80e744eabff391b82b4dd8dc7\">\n#top .av-special-heading.av-kz5nvt9v-d1abffa80e744eabff391b82b4dd8dc7{\nmargin:0 0 0 0;\npadding-bottom:0;\ncolor:#ffffff;\nfont-size:45px;\n}\nbody .av-special-heading.av-kz5nvt9v-d1abffa80e744eabff391b82b4dd8dc7 .av-special-heading-tag .heading-char{\nfont-size:25px;\n}\n#top #wrap_all .av-special-heading.av-kz5nvt9v-d1abffa80e744eabff391b82b4dd8dc7 .av-special-heading-tag{\nfont-size:45px;\n}\n.av-special-heading.av-kz5nvt9v-d1abffa80e744eabff391b82b4dd8dc7 .special-heading-inner-border{\nborder-color:#ffffff;\n}\n.av-special-heading.av-kz5nvt9v-d1abffa80e744eabff391b82b4dd8dc7 .av-subheading{\nfont-size:15px;\n}\n\n@media only screen and (min-width: 480px) and (max-width: 767px){ \n#top #wrap_all .av-special-heading.av-kz5nvt9v-d1abffa80e744eabff391b82b4dd8dc7 .av-special-heading-tag{\nfont-size:0.8em;\n}\n}\n\n@media only screen and (max-width: 479px){ \n#top #wrap_all .av-special-heading.av-kz5nvt9v-d1abffa80e744eabff391b82b4dd8dc7 .av-special-heading-tag{\nfont-size:0.8em;\n}\n}\n<\/style>\n<div  class='av-special-heading av-kz5nvt9v-d1abffa80e744eabff391b82b4dd8dc7 av-special-heading-h1 custom-color-heading blockquote modern-quote  avia-builder-el-3  el_before_av_textblock  avia-builder-el-first  av-inherit-size'><h1 class='av-special-heading-tag'  itemprop=\"headline\"  >Cession d\u2019entreprise : transmettez votre soci\u00e9t\u00e9 de fa\u00e7on sereine<\/h1><div class=\"special-heading-border\"><div class=\"special-heading-inner-border\"><\/div><\/div><\/div><br \/>\n\n<style type=\"text\/css\" data-created_by=\"avia_inline_auto\" id=\"style-css-av-lzwev64p-327b2ab956fc87bbfd5333fef23af850\">\n#top .av_textblock_section.av-lzwev64p-327b2ab956fc87bbfd5333fef23af850 .avia_textblock{\ncolor:#ffffff;\n}\n<\/style>\n<section  class='av_textblock_section av-lzwev64p-327b2ab956fc87bbfd5333fef23af850'  itemscope=\"itemscope\" itemtype=\"https:\/\/schema.org\/CreativeWork\" ><div class='avia_textblock av_inherit_color'  itemprop=\"text\" ><p>Vous \u00eates-vous d\u00e9j\u00e0 demand\u00e9 comment transmettre l\u2019h\u00e9ritage de votre vie professionnelle en toute qui\u00e9tude ? La <strong>cession d\u2019entreprise<\/strong> est une \u00e9tape importante qui marque la fin d\u2019un chapitre pour un dirigeant. Si elle est bien orchestr\u00e9e, cette<strong> transmission d\u2019entreprise<\/strong> peut \u00eatre l\u2019assurance d\u2019une continuit\u00e9 r\u00e9ussie et d\u2019une tranquillit\u00e9 d\u2019esprit.<\/p>\n<p>C\u2019est l\u00e0 qu\u2019intervient Translink Corporate Finance, votre partenaire de confiance pour une cession d\u2019entreprise sereine. Notre exp\u00e9rience et notre r\u00e9seau international vous permettent une transaction r\u00e9alis\u00e9e au meilleur prix qui s\u2019adapte \u00e0 vos imp\u00e9ratifs de calendrier.<\/p>\n<\/div><\/section><\/p><\/div><div class='flex_column av-6wld5k-5de6381a90018286b80646e081eedf93 av_one_fifth  avia-builder-el-5  el_after_av_three_fifth  avia-builder-el-last  flex_column_div'     ><\/div><\/div><\/div><\/main><!-- close content main element --><\/div><\/div><\/div><div id='after_section_1'  class='main_color av_default_container_wrap container_wrap fullsize'  ><div class='container av-section-cont-open' ><div class='template-page content  av-content-full alpha units'><div class='post-entry post-entry-type-page post-entry-11661'><div class='entry-content-wrapper clearfix'><div class='flex_column av-nk8ijp-35753da93687b0ed1303512bce83772c av_one_full  avia-builder-el-6  el_after_av_section  avia-builder-el-no-sibling  first flex_column_div'     ><section  class='av_textblock_section av-lzwegina-4cfee0d118039c9242388cc82085d88a'  itemscope=\"itemscope\" itemtype=\"https:\/\/schema.org\/CreativeWork\" ><div class='avia_textblock'  itemprop=\"text\" ><h2>Cession d\u2019entreprises\u00a0: Translink CF, le sp\u00e9cialiste du segment Smidcap<\/h2>\n<p>Translink Corporate Finance se positionne comme un acteur incontournable dans la cession d\u2019entreprises\u00a0 sur le segment Smidcap. Avec une expertise affirm\u00e9e dans les transactions d\u2019une valeur comprise entre 10 et 200 millions d\u2019euros, Translink CF assure des op\u00e9rations domestiques et cross-border avec un savoir-faire \u00e9prouv\u00e9.<\/p>\n<p>Que vous envisagiez une cession sur le territoire fran\u00e7ais ou \u00e0 l\u2019international, nos \u00e9quipes sont l\u00e0 pour vous guider \u00e0 chaque \u00e9tape du processus. <a href=\"https:\/\/translinkcf.fr\/en\/services\/\">Our services<\/a> vous assurent un accompagnement personnalis\u00e9 \u00e0 chaque \u00e9tape de votre projet de transmission de votre entreprise.<\/p>\n<h2>Une expertise sectorielle gage d\u2019efficacit\u00e9<\/h2>\n<p>Translink CF n\u2019est pas simplement un interm\u00e9diaire dans votre projet de cession d\u2019entreprise. Nous sommes un v\u00e9ritable partenaire qui comprend les subtilit\u00e9s de votre secteur d\u2019activit\u00e9 et qui saura valoriser votre soci\u00e9t\u00e9 au mieux. Nous intervenons dans cinq secteurs cl\u00e9s :<\/p>\n<ul>\n<li>Technologies, M\u00e9dias et T\u00e9l\u00e9communications (TMT) : un secteur en constante \u00e9volution o\u00f9 notre connaissance pointue des tendances technologiques nous donne un avantage certain\u00a0;<\/li>\n<li>Services aux entreprises : nous comprenons les enjeux de la prestation de services et nous savons comment les pr\u00e9senter aux acqu\u00e9reurs potentiels\u00a0;<\/li>\n<li>Sant\u00e9 : un secteur exigeant et r\u00e9glement\u00e9 pour lequel notre expertise peut faire la diff\u00e9rence.<\/li>\n<li>\u00c9nergie et environnement : dans un monde o\u00f9 la durabilit\u00e9 est devenue centrale, nous savons comment mettre en avant les atouts de votre entreprise.<\/li>\n<li>Nouvelles mobilit\u00e9s et logistique : un domaine en pleine mutation, o\u00f9 notre connaissance des nouvelles tendances et r\u00e9glementations est un atout majeur.<\/li>\n<\/ul>\n<p>Chez Translink Corporate Finance, chaque associ\u00e9 est un expert reconnu dans un de ces secteurs. Il est dot\u00e9 d\u2019un r\u00e9seau \u00e9tendu en France et \u00e0 l\u2019international. Il poss\u00e8de une compr\u00e9hension approfondie du secteur d\u2019activit\u00e9 concern\u00e9, de ses \u00e9volutions et de la r\u00e9glementation en cours. Cette expertise vous permet de b\u00e9n\u00e9ficier de conseils strat\u00e9giques pertinents et d\u2019optimiser la valeur g\u00e9n\u00e9r\u00e9e par votre cession d\u2019entreprise \u00e0 un tiers.<\/p>\n<h2>Un r\u00e9seau qui s\u2019\u00e9tend sur les cinq continents<\/h2>\n<p>Faire partie d\u2019un r\u00e9seau international pr\u00e9sent dans 35 pays et sur 5 continents conf\u00e8re \u00e0 Translink CF une perspective globale et une port\u00e9e sans \u00e9quivalent. Cette envergure internationale nous permet d\u2019accompagner nos clients dans leur d\u00e9veloppement et leurs projets de cession, qu\u2019ils soient locaux ou internationaux, en leur offrant des opportunit\u00e9s et des synergies uniques \u00e0 l\u2019\u00e9chelle mondiale.<\/p>\n<p>Notre r\u00e9seau \u00e9tendu vous permet de b\u00e9n\u00e9ficier d\u2019une expertise technique coupl\u00e9e \u00e0 une connaissance fine des r\u00e9alit\u00e9s locales de chaque march\u00e9. Qu\u2019il s\u2019agisse de ma\u00eetriser les diverses r\u00e9glementations ou d\u2019actionner des leviers propices \u00e0 la r\u00e9alisation d\u2019opportunit\u00e9s transfrontali\u00e8res, Translink CF est votre atout pour rendre chaque transaction fluide et fructueuse.<\/p>\n<h2>Un accompagnement humain bas\u00e9 sur l\u2019\u00e9change<\/h2>\n<p>Chez Translink CF, nous croyons que l\u2019accompagnement humain est la pierre angulaire d\u2019une cession d\u2019entreprise r\u00e9ussie. Au-del\u00e0 des aspects juridiques et financiers, nous b\u00e2tissons une relation de confiance avec chaque dirigeant. Comprendre vos attentes, partager vos valeurs et vous offrir une \u00e9coute attentive sont pour nous essentiels. Nos \u00e9quipes, bilingues et multiculturelles, sont comp\u00e9tentes pour g\u00e9rer des dossiers franco-fran\u00e7ais ou des transactions \u00e0 l\u2019\u00e9chelle internationale.<\/p>\n<p>La cession de votre entreprise, bien plus qu\u2019une simple transaction, est le t\u00e9moignage de votre succ\u00e8s et de votre engagement. Avec Translink Corporate Finance, faites de ce moment une transition sereine et s\u00e9curis\u00e9e, et ouvrez la voie \u00e0 de nouvelles opportunit\u00e9s pour votre entreprise et pour vous-m\u00eame.<\/p>\n<\/div><\/section><\/div><\/p>","protected":false},"excerpt":{"rendered":"","protected":false},"author":4,"featured_media":0,"parent":11656,"menu_order":0,"comment_status":"closed","ping_status":"closed","template":"","meta":{"footnotes":""},"class_list":["post-11661","page","type-page","status-publish","hentry"],"yoast_head":"<!-- This site is optimized with the Yoast SEO plugin v26.8 - https:\/\/yoast.com\/product\/yoast-seo-wordpress\/ -->\n<title>Cessions | Translink CF<\/title>\n<meta name=\"robots\" content=\"index, follow, max-snippet:-1, max-image-preview:large, max-video-preview:-1\" \/>\n<link rel=\"canonical\" href=\"https:\/\/translinkcf.fr\/en\/services\/fusions-acquisitions\/ma\/cessions\/\" \/>\n<meta property=\"og:locale\" content=\"en_US\" \/>\n<meta property=\"og:type\" content=\"article\" \/>\n<meta property=\"og:title\" content=\"Cessions | Translink CF\" \/>\n<meta property=\"og:url\" content=\"https:\/\/translinkcf.fr\/en\/services\/fusions-acquisitions\/ma\/cessions\/\" \/>\n<meta property=\"og:site_name\" content=\"Translink CF France\" \/>\n<meta property=\"article:modified_time\" content=\"2026-01-20T08:00:06+00:00\" \/>\n<meta name=\"twitter:card\" content=\"summary_large_image\" \/>\n<meta name=\"twitter:label1\" content=\"Est. reading time\" \/>\n\t<meta name=\"twitter:data1\" content=\"3 minutes\" \/>\n<script type=\"application\/ld+json\" class=\"yoast-schema-graph\">{\"@context\":\"https:\/\/schema.org\",\"@graph\":[{\"@type\":\"WebPage\",\"@id\":\"https:\/\/translinkcf.fr\/services\/fusions-acquisitions\/ma\/cessions\/\",\"url\":\"https:\/\/translinkcf.fr\/services\/fusions-acquisitions\/ma\/cessions\/\",\"name\":\"Cessions | Translink CF\",\"isPartOf\":{\"@id\":\"https:\/\/translinkcf.fr\/#website\"},\"datePublished\":\"2024-08-16T08:04:41+00:00\",\"dateModified\":\"2026-01-20T08:00:06+00:00\",\"breadcrumb\":{\"@id\":\"https:\/\/translinkcf.fr\/services\/fusions-acquisitions\/ma\/cessions\/#breadcrumb\"},\"inLanguage\":\"en-US\",\"potentialAction\":[{\"@type\":\"ReadAction\",\"target\":[\"https:\/\/translinkcf.fr\/services\/fusions-acquisitions\/ma\/cessions\/\"]}]},{\"@type\":\"BreadcrumbList\",\"@id\":\"https:\/\/translinkcf.fr\/services\/fusions-acquisitions\/ma\/cessions\/#breadcrumb\",\"itemListElement\":[{\"@type\":\"ListItem\",\"position\":1,\"name\":\"Accueil\",\"item\":\"https:\/\/translinkcf.fr\/home\/\"},{\"@type\":\"ListItem\",\"position\":2,\"name\":\"Services\",\"item\":\"https:\/\/translinkcf.fr\/services\/\"},{\"@type\":\"ListItem\",\"position\":3,\"name\":\"Fusions &#8211; Acquisitions\",\"item\":\"https:\/\/translinkcf.fr\/services\/fusions-acquisitions\/\"},{\"@type\":\"ListItem\",\"position\":4,\"name\":\"M&#038;A\",\"item\":\"https:\/\/translinkcf.fr\/services\/fusions-acquisitions\/ma\/\"},{\"@type\":\"ListItem\",\"position\":5,\"name\":\"Cessions\"}]},{\"@type\":\"WebSite\",\"@id\":\"https:\/\/translinkcf.fr\/#website\",\"url\":\"https:\/\/translinkcf.fr\/\",\"name\":\"Translink International AG\",\"description\":\"\",\"publisher\":{\"@id\":\"https:\/\/translinkcf.fr\/#organization\"},\"potentialAction\":[{\"@type\":\"SearchAction\",\"target\":{\"@type\":\"EntryPoint\",\"urlTemplate\":\"https:\/\/translinkcf.fr\/?s={search_term_string}\"},\"query-input\":{\"@type\":\"PropertyValueSpecification\",\"valueRequired\":true,\"valueName\":\"search_term_string\"}}],\"inLanguage\":\"en-US\"},{\"@type\":\"Organization\",\"@id\":\"https:\/\/translinkcf.fr\/#organization\",\"name\":\"Translink International AG\",\"url\":\"https:\/\/translinkcf.fr\/\",\"logo\":{\"@type\":\"ImageObject\",\"inLanguage\":\"en-US\",\"@id\":\"https:\/\/translinkcf.fr\/#\/schema\/logo\/image\/\",\"url\":\"https:\/\/translinkcf.fr\/wp-content\/uploads\/2022\/04\/TrnanslinkCF-logo-2022.png\",\"contentUrl\":\"https:\/\/translinkcf.fr\/wp-content\/uploads\/2022\/04\/TrnanslinkCF-logo-2022.png\",\"width\":2000,\"height\":401,\"caption\":\"Translink International AG\"},\"image\":{\"@id\":\"https:\/\/translinkcf.fr\/#\/schema\/logo\/image\/\"},\"sameAs\":[\"https:\/\/www.linkedin.com\/company\/translink-corporate-finance\"]}]}<\/script>\n<!-- \/ Yoast SEO plugin. -->","yoast_head_json":{"title":"Cessions | Translink CF","robots":{"index":"index","follow":"follow","max-snippet":"max-snippet:-1","max-image-preview":"max-image-preview:large","max-video-preview":"max-video-preview:-1"},"canonical":"https:\/\/translinkcf.fr\/en\/services\/fusions-acquisitions\/ma\/cessions\/","og_locale":"en_US","og_type":"article","og_title":"Cessions | Translink CF","og_url":"https:\/\/translinkcf.fr\/en\/services\/fusions-acquisitions\/ma\/cessions\/","og_site_name":"Translink CF France","article_modified_time":"2026-01-20T08:00:06+00:00","twitter_card":"summary_large_image","twitter_misc":{"Est. reading time":"3 minutes"},"schema":{"@context":"https:\/\/schema.org","@graph":[{"@type":"WebPage","@id":"https:\/\/translinkcf.fr\/services\/fusions-acquisitions\/ma\/cessions\/","url":"https:\/\/translinkcf.fr\/services\/fusions-acquisitions\/ma\/cessions\/","name":"Cessions | Translink CF","isPartOf":{"@id":"https:\/\/translinkcf.fr\/#website"},"datePublished":"2024-08-16T08:04:41+00:00","dateModified":"2026-01-20T08:00:06+00:00","breadcrumb":{"@id":"https:\/\/translinkcf.fr\/services\/fusions-acquisitions\/ma\/cessions\/#breadcrumb"},"inLanguage":"en-US","potentialAction":[{"@type":"ReadAction","target":["https:\/\/translinkcf.fr\/services\/fusions-acquisitions\/ma\/cessions\/"]}]},{"@type":"BreadcrumbList","@id":"https:\/\/translinkcf.fr\/services\/fusions-acquisitions\/ma\/cessions\/#breadcrumb","itemListElement":[{"@type":"ListItem","position":1,"name":"Accueil","item":"https:\/\/translinkcf.fr\/home\/"},{"@type":"ListItem","position":2,"name":"Services","item":"https:\/\/translinkcf.fr\/services\/"},{"@type":"ListItem","position":3,"name":"Fusions &#8211; Acquisitions","item":"https:\/\/translinkcf.fr\/services\/fusions-acquisitions\/"},{"@type":"ListItem","position":4,"name":"M&#038;A","item":"https:\/\/translinkcf.fr\/services\/fusions-acquisitions\/ma\/"},{"@type":"ListItem","position":5,"name":"Cessions"}]},{"@type":"WebSite","@id":"https:\/\/translinkcf.fr\/#website","url":"https:\/\/translinkcf.fr\/","name":"Translink International AG","description":"","publisher":{"@id":"https:\/\/translinkcf.fr\/#organization"},"potentialAction":[{"@type":"SearchAction","target":{"@type":"EntryPoint","urlTemplate":"https:\/\/translinkcf.fr\/?s={search_term_string}"},"query-input":{"@type":"PropertyValueSpecification","valueRequired":true,"valueName":"search_term_string"}}],"inLanguage":"en-US"},{"@type":"Organization","@id":"https:\/\/translinkcf.fr\/#organization","name":"Translink International AG","url":"https:\/\/translinkcf.fr\/","logo":{"@type":"ImageObject","inLanguage":"en-US","@id":"https:\/\/translinkcf.fr\/#\/schema\/logo\/image\/","url":"https:\/\/translinkcf.fr\/wp-content\/uploads\/2022\/04\/TrnanslinkCF-logo-2022.png","contentUrl":"https:\/\/translinkcf.fr\/wp-content\/uploads\/2022\/04\/TrnanslinkCF-logo-2022.png","width":2000,"height":401,"caption":"Translink International AG"},"image":{"@id":"https:\/\/translinkcf.fr\/#\/schema\/logo\/image\/"},"sameAs":["https:\/\/www.linkedin.com\/company\/translink-corporate-finance"]}]}},"_links":{"self":[{"href":"https:\/\/translinkcf.fr\/en\/wp-json\/wp\/v2\/pages\/11661","targetHints":{"allow":["GET"]}}],"collection":[{"href":"https:\/\/translinkcf.fr\/en\/wp-json\/wp\/v2\/pages"}],"about":[{"href":"https:\/\/translinkcf.fr\/en\/wp-json\/wp\/v2\/types\/page"}],"author":[{"embeddable":true,"href":"https:\/\/translinkcf.fr\/en\/wp-json\/wp\/v2\/users\/4"}],"replies":[{"embeddable":true,"href":"https:\/\/translinkcf.fr\/en\/wp-json\/wp\/v2\/comments?post=11661"}],"version-history":[{"count":3,"href":"https:\/\/translinkcf.fr\/en\/wp-json\/wp\/v2\/pages\/11661\/revisions"}],"predecessor-version":[{"id":11668,"href":"https:\/\/translinkcf.fr\/en\/wp-json\/wp\/v2\/pages\/11661\/revisions\/11668"}],"up":[{"embeddable":true,"href":"https:\/\/translinkcf.fr\/en\/wp-json\/wp\/v2\/pages\/11656"}],"wp:attachment":[{"href":"https:\/\/translinkcf.fr\/en\/wp-json\/wp\/v2\/media?parent=11661"}],"curies":[{"name":"wp","href":"https:\/\/api.w.org\/{rel}","templated":true}]}}