{"id":11656,"date":"2024-08-16T07:54:41","date_gmt":"2024-08-16T07:54:41","guid":{"rendered":"https:\/\/translinkcf.fr\/?page_id=11656"},"modified":"2026-01-20T08:00:06","modified_gmt":"2026-01-20T08:00:06","slug":"ma","status":"publish","type":"page","link":"https:\/\/translinkcf.fr\/en\/services\/fusions-acquisitions\/ma\/","title":{"rendered":"M&#038;A"},"content":{"rendered":"<style type=\"text\/css\" data-created_by=\"avia_inline_auto\" id=\"style-css-av-kzfezjfo-7e3ca30d2f8d2748af9b0cf06a2a3dda\">\n.avia-section.av-kzfezjfo-7e3ca30d2f8d2748af9b0cf06a2a3dda .av-parallax .av-parallax-inner{\nbackground-repeat:no-repeat;\nbackground-image:url(https:\/\/translinkcf.fr\/wp-content\/uploads\/2022\/02\/it-hero-300x200.jpg);\nbackground-position:50% 50%;\nbackground-attachment:scroll;\n}\n.avia-section.av-kzfezjfo-7e3ca30d2f8d2748af9b0cf06a2a3dda .av-section-color-overlay{\nopacity:0.9;\nbackground-color:#17254e;\n}\n<\/style>\n<div id='industry-sector-hero-section'  class='avia-section av-kzfezjfo-7e3ca30d2f8d2748af9b0cf06a2a3dda main_color avia-section-default avia-no-border-styling  avia-builder-el-0  el_before_av_one_full  avia-builder-el-first  avia-full-stretch av-parallax-section avia-bg-style-parallax av-section-color-overlay-active av-minimum-height av-minimum-height-50  container_wrap fullsize'  data-section-bg-repeat='stretch' data-av_minimum_height_pc='50'><div class='av-parallax' data-avia-parallax-ratio='0.3' ><div class='av-parallax-inner main_color avia-full-stretch'><\/div><\/div><div class=\"av-section-color-overlay-wrap\"><div class=\"av-section-color-overlay\"><\/div><div class='container av-section-cont-open' ><main  role=\"main\" itemprop=\"mainContentOfPage\"  class='template-page content  av-content-full alpha units'><div class='post-entry post-entry-type-page post-entry-11656'><div class='entry-content-wrapper clearfix'>\n<div class='flex_column av-bbej20-d5760394bb98c038ea1f8336bb6d8ac1 av_one_fifth  avia-builder-el-1  el_before_av_three_fifth  avia-builder-el-first  first flex_column_div'     ><\/div><div class='flex_column av-8zamfc-2d5a012d1f317d83488e86ea7cd8da66 av_three_fifth  avia-builder-el-2  el_after_av_one_fifth  el_before_av_one_fifth  flex_column_div'     ><p>\n<style type=\"text\/css\" data-created_by=\"avia_inline_auto\" id=\"style-css-av-kz5nvt9v-0dfe0a6ac1b7f5b102f0188ed2a3156b\">\n#top .av-special-heading.av-kz5nvt9v-0dfe0a6ac1b7f5b102f0188ed2a3156b{\nmargin:0 0 0 0;\npadding-bottom:0;\ncolor:#ffffff;\nfont-size:45px;\n}\nbody .av-special-heading.av-kz5nvt9v-0dfe0a6ac1b7f5b102f0188ed2a3156b .av-special-heading-tag .heading-char{\nfont-size:25px;\n}\n#top #wrap_all .av-special-heading.av-kz5nvt9v-0dfe0a6ac1b7f5b102f0188ed2a3156b .av-special-heading-tag{\nfont-size:45px;\n}\n.av-special-heading.av-kz5nvt9v-0dfe0a6ac1b7f5b102f0188ed2a3156b .special-heading-inner-border{\nborder-color:#ffffff;\n}\n.av-special-heading.av-kz5nvt9v-0dfe0a6ac1b7f5b102f0188ed2a3156b .av-subheading{\nfont-size:15px;\n}\n\n@media only screen and (min-width: 480px) and (max-width: 767px){ \n#top #wrap_all .av-special-heading.av-kz5nvt9v-0dfe0a6ac1b7f5b102f0188ed2a3156b .av-special-heading-tag{\nfont-size:0.8em;\n}\n}\n\n@media only screen and (max-width: 479px){ \n#top #wrap_all .av-special-heading.av-kz5nvt9v-0dfe0a6ac1b7f5b102f0188ed2a3156b .av-special-heading-tag{\nfont-size:0.8em;\n}\n}\n<\/style>\n<div  class='av-special-heading av-kz5nvt9v-0dfe0a6ac1b7f5b102f0188ed2a3156b av-special-heading-h1 custom-color-heading blockquote modern-quote  avia-builder-el-3  el_before_av_textblock  avia-builder-el-first  av-inherit-size'><h1 class='av-special-heading-tag'  itemprop=\"headline\"  >Translink CF, un partenaire de qualit\u00e9 pour r\u00e9ussir votre projet de M&#038;A<\/h1><div class=\"special-heading-border\"><div class=\"special-heading-inner-border\"><\/div><\/div><\/div><br \/>\n\n<style type=\"text\/css\" data-created_by=\"avia_inline_auto\" id=\"style-css-av-lzwev64p-327b2ab956fc87bbfd5333fef23af850\">\n#top .av_textblock_section.av-lzwev64p-327b2ab956fc87bbfd5333fef23af850 .avia_textblock{\ncolor:#ffffff;\n}\n<\/style>\n<section  class='av_textblock_section av-lzwev64p-327b2ab956fc87bbfd5333fef23af850'  itemscope=\"itemscope\" itemtype=\"https:\/\/schema.org\/CreativeWork\" ><div class='avia_textblock av_inherit_color'  itemprop=\"text\" ><p>Vous \u00eates \u00e0 la recherche d\u2019un partenaire pertinent et qualifi\u00e9 pour transformer votre op\u00e9ration de <strong>M&#038;A<\/strong> en succ\u00e8s\u2009? Vous souhaitez collaborer avec une banque d\u2019affaires qui comprend vos besoins, ma\u00eetrise les sp\u00e9cificit\u00e9s de votre secteur d\u2019activit\u00e9 et dispose d\u2019une port\u00e9e internationale\u2009?<\/p>\n<p>Translink Corporate Finance est la solution qui r\u00e9pond \u00e0 vos attentes pour transformer vos ambitions en r\u00e9alit\u00e9. Notre approche sectorielle, coupl\u00e9e \u00e0 une expertise technique, est valoris\u00e9e par un accompagnement humain bas\u00e9 sur l\u2019\u00e9change et la confiance.<\/p>\n<\/div><\/section><\/p><\/div><div class='flex_column av-6wld5k-5de6381a90018286b80646e081eedf93 av_one_fifth  avia-builder-el-5  el_after_av_three_fifth  avia-builder-el-last  flex_column_div'     ><\/div><\/div><\/div><\/main><!-- close content main element --><\/div><\/div><\/div><div id='after_section_1'  class='main_color av_default_container_wrap container_wrap fullsize'  ><div class='container av-section-cont-open' ><div class='template-page content  av-content-full alpha units'><div class='post-entry post-entry-type-page post-entry-11656'><div class='entry-content-wrapper clearfix'><div class='flex_column av-nk8ijp-35753da93687b0ed1303512bce83772c av_one_full  avia-builder-el-6  el_after_av_section  avia-builder-el-no-sibling  first flex_column_div'     ><section  class='av_textblock_section av-lzwegina-4cfee0d118039c9242388cc82085d88a'  itemscope=\"itemscope\" itemtype=\"https:\/\/schema.org\/CreativeWork\" ><div class='avia_textblock'  itemprop=\"text\" ><h2>Un accompagnement personnalis\u00e9 : la cl\u00e9 d\u2019une coop\u00e9ration efficace<\/h2>\n<p>Translink Corporate Finance se d\u00e9marque dans le paysage des banques d\u2019affaires par son approche r\u00e9solument humaine. Au-del\u00e0 de l\u2019expertise juridique et financi\u00e8re indispensable, nous pla\u00e7ons la relation avec nos clients au c\u0153ur de notre d\u00e9marche. Nous comprenons que la confiance, l\u2019\u00e9coute et l\u2019\u00e9change sont des piliers essentiels \u00e0 la bonne r\u00e9alisation de vos projets de M&#038;A.<br \/>\nNous nous engageons \u00e0 vos c\u00f4t\u00e9s, vous offrant un v\u00e9ritable partenariat o\u00f9 votre vision et vos objectifs sont notre priorit\u00e9. Notre coop\u00e9ration va au-del\u00e0 des chiffres et des contrats : nous b\u00e2tissons des relations durables pour mener \u00e0 bien votre projet.<\/p>\n<h2>Une expertise cibl\u00e9e sur le segment Smidcap<\/h2>\n<p>Translink CF est un acteur de r\u00e9f\u00e9rence pour les op\u00e9rations de M&#038;A &#8211; qu\u2019elles soient domestiques ou cross-border &#8211; sur le segment Smidcap. Nous nous concentrons sur des valeurs de transactions comprises entre 10 et 200 millions d\u2019euros, en sell-side comme en buy-side.<br \/>\nNotre connaissance approfondie de cette \u00e9chelle de transaction nous permet d\u2019offrir des conseils personnalis\u00e9s et de maximiser la cr\u00e9ation de valeur apport\u00e9e par <a href=\"https:\/\/translinkcf.fr\/en\/services\/\">nos services<\/a>. La ma\u00eetrise des enjeux sp\u00e9cifiques aux petites et moyennes capitalisations nous conf\u00e8re une capacit\u00e9 d\u2019adaptation et une r\u00e9activit\u00e9 qui sont essentielles dans le cadre d\u2019op\u00e9rations de M&#038;A.<\/p>\n<h2>Une connaissance approfondie de cinq secteurs cl\u00e9s<\/h2>\n<p>Chez Translink CF, nous disposons d\u2019une forte expertise sectorielle. Nous sommes sp\u00e9cialis\u00e9s dans cinq domaines d\u2019activit\u00e9s strat\u00e9giques :<\/p>\n<ul>\n<li>Technologies, M\u00e9dias et T\u00e9l\u00e9communications (TMT) : un secteur en constante \u00e9volution o\u00f9 notre perspicacit\u00e9 et notre r\u00e9seau font la diff\u00e9rence ;<\/li>\n<li>Services aux entreprises : nous comprenons les d\u00e9fis uniques de ce secteur et offrons des strat\u00e9gies sur-mesure ;<\/li>\n<li>Sant\u00e9 : nous avons une connaissance approfondie des r\u00e9glementations et des innovations ainsi que de leurs fr\u00e9quentes \u00e9volutions respectives ;<\/li>\n<li>\u00c9nergie et environnement : nous accompagnons les acteurs de la transition \u00e9nerg\u00e9tique vers des solutions plus durables ;<\/li>\n<li>Nouvelles mobilit\u00e9s et logistique : un secteur en plein essor o\u00f9 nous aidons nos clients \u00e0 naviguer dans un paysage concurrentiel.<\/li>\n<\/ul>\n<p>Pour vous accompagner au mieux, chaque associ\u00e9 de Translink CF est un expert de l\u2019un de ces secteurs. Chaque associ\u00e9 poss\u00e8de un grand r\u00e9seau dans son secteur. Il a aussi une compr\u00e9hension fine des sp\u00e9cificit\u00e9s inh\u00e9rentes \u00e0 chaque domaine d\u2019activit\u00e9. Cette expertise accrue nous permet d\u2019apporter une valeur ajout\u00e9e consid\u00e9rable dans l\u2019analyse et l\u2019ex\u00e9cution de vos projets de M&#038;A.<\/p>\n<h2>Un acteur fran\u00e7ais au rayonnement international<\/h2>\n<p>Translink CF n\u2019est pas un partenaire isol\u00e9. Nous sommes une structure int\u00e9gr\u00e9e dans un r\u00e9seau international pr\u00e9sent dans 35 pays r\u00e9partis sur 5 continents. Cette empreinte mondiale nous permet d\u2019offrir \u00e0 nos clients une perspective globale et des opportunit\u00e9s de M&#038;A sans fronti\u00e8res.<br \/>\nNotre pr\u00e9sence internationale est synonyme de diversit\u00e9 d\u2019approches et d\u2019une connaissance des sp\u00e9cificit\u00e9s de nombre de march\u00e9s locaux. Ceci vous offre la possibilit\u00e9 de r\u00e9aliser des transactions cross-border avec efficience et pertinence.<\/p>\n<p>Si vous voulez faire \u00e9voluer votre entreprise via une op\u00e9ration de M&#038;A, contactez d\u00e8s \u00e0 pr\u00e9sent les \u00e9quipes de Translink CF pour vous assurer une transaction sereine et r\u00e9ussie.<\/p>\n<\/div><\/section><\/div><\/p>","protected":false},"excerpt":{"rendered":"","protected":false},"author":4,"featured_media":0,"parent":11653,"menu_order":0,"comment_status":"closed","ping_status":"closed","template":"","meta":{"footnotes":""},"class_list":["post-11656","page","type-page","status-publish","hentry"],"yoast_head":"<!-- This site is optimized with the Yoast SEO plugin v26.8 - https:\/\/yoast.com\/product\/yoast-seo-wordpress\/ -->\n<title>M&amp;A | Translink CF<\/title>\n<meta name=\"robots\" content=\"index, follow, max-snippet:-1, max-image-preview:large, max-video-preview:-1\" \/>\n<link rel=\"canonical\" href=\"https:\/\/translinkcf.fr\/en\/services\/fusions-acquisitions\/ma\/\" \/>\n<meta property=\"og:locale\" content=\"en_US\" \/>\n<meta property=\"og:type\" content=\"article\" \/>\n<meta property=\"og:title\" content=\"M&amp;A | Translink CF\" \/>\n<meta property=\"og:url\" content=\"https:\/\/translinkcf.fr\/en\/services\/fusions-acquisitions\/ma\/\" \/>\n<meta property=\"og:site_name\" content=\"Translink CF France\" \/>\n<meta property=\"article:modified_time\" content=\"2026-01-20T08:00:06+00:00\" \/>\n<meta name=\"twitter:card\" content=\"summary_large_image\" \/>\n<meta name=\"twitter:label1\" content=\"Est. reading time\" \/>\n\t<meta name=\"twitter:data1\" content=\"3 minutes\" \/>\n<script type=\"application\/ld+json\" class=\"yoast-schema-graph\">{\"@context\":\"https:\/\/schema.org\",\"@graph\":[{\"@type\":\"WebPage\",\"@id\":\"https:\/\/translinkcf.fr\/services\/fusions-acquisitions\/ma\/\",\"url\":\"https:\/\/translinkcf.fr\/services\/fusions-acquisitions\/ma\/\",\"name\":\"M&A | Translink CF\",\"isPartOf\":{\"@id\":\"https:\/\/translinkcf.fr\/#website\"},\"datePublished\":\"2024-08-16T07:54:41+00:00\",\"dateModified\":\"2026-01-20T08:00:06+00:00\",\"breadcrumb\":{\"@id\":\"https:\/\/translinkcf.fr\/services\/fusions-acquisitions\/ma\/#breadcrumb\"},\"inLanguage\":\"en-US\",\"potentialAction\":[{\"@type\":\"ReadAction\",\"target\":[\"https:\/\/translinkcf.fr\/services\/fusions-acquisitions\/ma\/\"]}]},{\"@type\":\"BreadcrumbList\",\"@id\":\"https:\/\/translinkcf.fr\/services\/fusions-acquisitions\/ma\/#breadcrumb\",\"itemListElement\":[{\"@type\":\"ListItem\",\"position\":1,\"name\":\"Accueil\",\"item\":\"https:\/\/translinkcf.fr\/home\/\"},{\"@type\":\"ListItem\",\"position\":2,\"name\":\"Services\",\"item\":\"https:\/\/translinkcf.fr\/services\/\"},{\"@type\":\"ListItem\",\"position\":3,\"name\":\"Fusions &#8211; Acquisitions\",\"item\":\"https:\/\/translinkcf.fr\/services\/fusions-acquisitions\/\"},{\"@type\":\"ListItem\",\"position\":4,\"name\":\"M&#038;A\"}]},{\"@type\":\"WebSite\",\"@id\":\"https:\/\/translinkcf.fr\/#website\",\"url\":\"https:\/\/translinkcf.fr\/\",\"name\":\"Translink International AG\",\"description\":\"\",\"publisher\":{\"@id\":\"https:\/\/translinkcf.fr\/#organization\"},\"potentialAction\":[{\"@type\":\"SearchAction\",\"target\":{\"@type\":\"EntryPoint\",\"urlTemplate\":\"https:\/\/translinkcf.fr\/?s={search_term_string}\"},\"query-input\":{\"@type\":\"PropertyValueSpecification\",\"valueRequired\":true,\"valueName\":\"search_term_string\"}}],\"inLanguage\":\"en-US\"},{\"@type\":\"Organization\",\"@id\":\"https:\/\/translinkcf.fr\/#organization\",\"name\":\"Translink International AG\",\"url\":\"https:\/\/translinkcf.fr\/\",\"logo\":{\"@type\":\"ImageObject\",\"inLanguage\":\"en-US\",\"@id\":\"https:\/\/translinkcf.fr\/#\/schema\/logo\/image\/\",\"url\":\"https:\/\/translinkcf.fr\/wp-content\/uploads\/2022\/04\/TrnanslinkCF-logo-2022.png\",\"contentUrl\":\"https:\/\/translinkcf.fr\/wp-content\/uploads\/2022\/04\/TrnanslinkCF-logo-2022.png\",\"width\":2000,\"height\":401,\"caption\":\"Translink International AG\"},\"image\":{\"@id\":\"https:\/\/translinkcf.fr\/#\/schema\/logo\/image\/\"},\"sameAs\":[\"https:\/\/www.linkedin.com\/company\/translink-corporate-finance\"]}]}<\/script>\n<!-- \/ Yoast SEO plugin. -->","yoast_head_json":{"title":"M&A | Translink CF","robots":{"index":"index","follow":"follow","max-snippet":"max-snippet:-1","max-image-preview":"max-image-preview:large","max-video-preview":"max-video-preview:-1"},"canonical":"https:\/\/translinkcf.fr\/en\/services\/fusions-acquisitions\/ma\/","og_locale":"en_US","og_type":"article","og_title":"M&A | Translink CF","og_url":"https:\/\/translinkcf.fr\/en\/services\/fusions-acquisitions\/ma\/","og_site_name":"Translink CF France","article_modified_time":"2026-01-20T08:00:06+00:00","twitter_card":"summary_large_image","twitter_misc":{"Est. reading time":"3 minutes"},"schema":{"@context":"https:\/\/schema.org","@graph":[{"@type":"WebPage","@id":"https:\/\/translinkcf.fr\/services\/fusions-acquisitions\/ma\/","url":"https:\/\/translinkcf.fr\/services\/fusions-acquisitions\/ma\/","name":"M&A | Translink CF","isPartOf":{"@id":"https:\/\/translinkcf.fr\/#website"},"datePublished":"2024-08-16T07:54:41+00:00","dateModified":"2026-01-20T08:00:06+00:00","breadcrumb":{"@id":"https:\/\/translinkcf.fr\/services\/fusions-acquisitions\/ma\/#breadcrumb"},"inLanguage":"en-US","potentialAction":[{"@type":"ReadAction","target":["https:\/\/translinkcf.fr\/services\/fusions-acquisitions\/ma\/"]}]},{"@type":"BreadcrumbList","@id":"https:\/\/translinkcf.fr\/services\/fusions-acquisitions\/ma\/#breadcrumb","itemListElement":[{"@type":"ListItem","position":1,"name":"Accueil","item":"https:\/\/translinkcf.fr\/home\/"},{"@type":"ListItem","position":2,"name":"Services","item":"https:\/\/translinkcf.fr\/services\/"},{"@type":"ListItem","position":3,"name":"Fusions &#8211; Acquisitions","item":"https:\/\/translinkcf.fr\/services\/fusions-acquisitions\/"},{"@type":"ListItem","position":4,"name":"M&#038;A"}]},{"@type":"WebSite","@id":"https:\/\/translinkcf.fr\/#website","url":"https:\/\/translinkcf.fr\/","name":"Translink International AG","description":"","publisher":{"@id":"https:\/\/translinkcf.fr\/#organization"},"potentialAction":[{"@type":"SearchAction","target":{"@type":"EntryPoint","urlTemplate":"https:\/\/translinkcf.fr\/?s={search_term_string}"},"query-input":{"@type":"PropertyValueSpecification","valueRequired":true,"valueName":"search_term_string"}}],"inLanguage":"en-US"},{"@type":"Organization","@id":"https:\/\/translinkcf.fr\/#organization","name":"Translink International AG","url":"https:\/\/translinkcf.fr\/","logo":{"@type":"ImageObject","inLanguage":"en-US","@id":"https:\/\/translinkcf.fr\/#\/schema\/logo\/image\/","url":"https:\/\/translinkcf.fr\/wp-content\/uploads\/2022\/04\/TrnanslinkCF-logo-2022.png","contentUrl":"https:\/\/translinkcf.fr\/wp-content\/uploads\/2022\/04\/TrnanslinkCF-logo-2022.png","width":2000,"height":401,"caption":"Translink International AG"},"image":{"@id":"https:\/\/translinkcf.fr\/#\/schema\/logo\/image\/"},"sameAs":["https:\/\/www.linkedin.com\/company\/translink-corporate-finance"]}]}},"_links":{"self":[{"href":"https:\/\/translinkcf.fr\/en\/wp-json\/wp\/v2\/pages\/11656","targetHints":{"allow":["GET"]}}],"collection":[{"href":"https:\/\/translinkcf.fr\/en\/wp-json\/wp\/v2\/pages"}],"about":[{"href":"https:\/\/translinkcf.fr\/en\/wp-json\/wp\/v2\/types\/page"}],"author":[{"embeddable":true,"href":"https:\/\/translinkcf.fr\/en\/wp-json\/wp\/v2\/users\/4"}],"replies":[{"embeddable":true,"href":"https:\/\/translinkcf.fr\/en\/wp-json\/wp\/v2\/comments?post=11656"}],"version-history":[{"count":3,"href":"https:\/\/translinkcf.fr\/en\/wp-json\/wp\/v2\/pages\/11656\/revisions"}],"predecessor-version":[{"id":11667,"href":"https:\/\/translinkcf.fr\/en\/wp-json\/wp\/v2\/pages\/11656\/revisions\/11667"}],"up":[{"embeddable":true,"href":"https:\/\/translinkcf.fr\/en\/wp-json\/wp\/v2\/pages\/11653"}],"wp:attachment":[{"href":"https:\/\/translinkcf.fr\/en\/wp-json\/wp\/v2\/media?parent=11656"}],"curies":[{"name":"wp","href":"https:\/\/api.w.org\/{rel}","templated":true}]}}