{"id":11653,"date":"2024-08-16T07:40:41","date_gmt":"2024-08-16T07:40:41","guid":{"rendered":"https:\/\/translinkcf.fr\/?page_id=11653"},"modified":"2026-01-20T08:00:06","modified_gmt":"2026-01-20T08:00:06","slug":"fusions-acquisitions","status":"publish","type":"page","link":"https:\/\/translinkcf.fr\/en\/services\/fusions-acquisitions\/","title":{"rendered":"Fusions &#8211; Acquisitions"},"content":{"rendered":"<style type=\"text\/css\" data-created_by=\"avia_inline_auto\" id=\"style-css-av-kzfezjfo-7e3ca30d2f8d2748af9b0cf06a2a3dda\">\n.avia-section.av-kzfezjfo-7e3ca30d2f8d2748af9b0cf06a2a3dda .av-parallax .av-parallax-inner{\nbackground-repeat:no-repeat;\nbackground-image:url(https:\/\/translinkcf.fr\/wp-content\/uploads\/2022\/02\/it-hero-300x200.jpg);\nbackground-position:50% 50%;\nbackground-attachment:scroll;\n}\n.avia-section.av-kzfezjfo-7e3ca30d2f8d2748af9b0cf06a2a3dda .av-section-color-overlay{\nopacity:0.9;\nbackground-color:#17254e;\n}\n<\/style>\n<div id='industry-sector-hero-section'  class='avia-section av-kzfezjfo-7e3ca30d2f8d2748af9b0cf06a2a3dda main_color avia-section-default avia-no-border-styling  avia-builder-el-0  el_before_av_one_full  avia-builder-el-first  avia-full-stretch av-parallax-section avia-bg-style-parallax av-section-color-overlay-active av-minimum-height av-minimum-height-50  container_wrap fullsize'  data-section-bg-repeat='stretch' data-av_minimum_height_pc='50'><div class='av-parallax' data-avia-parallax-ratio='0.3' ><div class='av-parallax-inner main_color avia-full-stretch'><\/div><\/div><div class=\"av-section-color-overlay-wrap\"><div class=\"av-section-color-overlay\"><\/div><div class='container av-section-cont-open' ><main  role=\"main\" itemprop=\"mainContentOfPage\"  class='template-page content  av-content-full alpha units'><div class='post-entry post-entry-type-page post-entry-11653'><div class='entry-content-wrapper clearfix'>\n<div class='flex_column av-bbej20-d5760394bb98c038ea1f8336bb6d8ac1 av_one_fifth  avia-builder-el-1  el_before_av_three_fifth  avia-builder-el-first  first flex_column_div'     ><\/div><div class='flex_column av-8zamfc-2d5a012d1f317d83488e86ea7cd8da66 av_three_fifth  avia-builder-el-2  el_after_av_one_fifth  el_before_av_one_fifth  flex_column_div'     ><p>\n<style type=\"text\/css\" data-created_by=\"avia_inline_auto\" id=\"style-css-av-kz5nvt9v-89b7cfeb726af12626654c2c0f1dadb7\">\n#top .av-special-heading.av-kz5nvt9v-89b7cfeb726af12626654c2c0f1dadb7{\nmargin:0 0 0 0;\npadding-bottom:0;\ncolor:#ffffff;\nfont-size:45px;\n}\nbody .av-special-heading.av-kz5nvt9v-89b7cfeb726af12626654c2c0f1dadb7 .av-special-heading-tag .heading-char{\nfont-size:25px;\n}\n#top #wrap_all .av-special-heading.av-kz5nvt9v-89b7cfeb726af12626654c2c0f1dadb7 .av-special-heading-tag{\nfont-size:45px;\n}\n.av-special-heading.av-kz5nvt9v-89b7cfeb726af12626654c2c0f1dadb7 .special-heading-inner-border{\nborder-color:#ffffff;\n}\n.av-special-heading.av-kz5nvt9v-89b7cfeb726af12626654c2c0f1dadb7 .av-subheading{\nfont-size:15px;\n}\n\n@media only screen and (min-width: 480px) and (max-width: 767px){ \n#top #wrap_all .av-special-heading.av-kz5nvt9v-89b7cfeb726af12626654c2c0f1dadb7 .av-special-heading-tag{\nfont-size:0.8em;\n}\n}\n\n@media only screen and (max-width: 479px){ \n#top #wrap_all .av-special-heading.av-kz5nvt9v-89b7cfeb726af12626654c2c0f1dadb7 .av-special-heading-tag{\nfont-size:0.8em;\n}\n}\n<\/style>\n<div  class='av-special-heading av-kz5nvt9v-89b7cfeb726af12626654c2c0f1dadb7 av-special-heading-h1 custom-color-heading blockquote modern-quote  avia-builder-el-3  el_before_av_textblock  avia-builder-el-first  av-inherit-size'><h1 class='av-special-heading-tag'  itemprop=\"headline\"  >Fusions-Acquisitions : faites \u00e9voluer votre entreprise en toute s\u00e9r\u00e9nit\u00e9<\/h1><div class=\"special-heading-border\"><div class=\"special-heading-inner-border\"><\/div><\/div><\/div><br \/>\n\n<style type=\"text\/css\" data-created_by=\"avia_inline_auto\" id=\"style-css-av-lzwf1m5r-22161553151d9722d7bc630f4ea240cd\">\n#top .av_textblock_section.av-lzwf1m5r-22161553151d9722d7bc630f4ea240cd .avia_textblock{\ncolor:#ffffff;\n}\n<\/style>\n<section  class='av_textblock_section av-lzwf1m5r-22161553151d9722d7bc630f4ea240cd'  itemscope=\"itemscope\" itemtype=\"https:\/\/schema.org\/CreativeWork\" ><div class='avia_textblock av_inherit_color'  itemprop=\"text\" ><p>Vous \u00eates \u00e0 la recherche d\u2019un partenaire de confiance et de qualit\u00e9 pour optimiser le positionnement strat\u00e9gique de votre entreprise et r\u00e9aliser une op\u00e9ration de<strong> fusion-acquisition<\/strong>\u00a0? Vous souhaitez b\u00e9n\u00e9ficier d\u2019une expertise reconnue et de la force d\u2019un r\u00e9seau international pour faciliter et assurer le succ\u00e8s d\u2019une telle d\u00e9cision\u00a0?<\/p>\n<p>Translink Corporate Finance, un des leaders du conseil en fusions et acquisitions sur le segment smidcap, est la boussole qui guide les entreprises \u00e0 travers le labyrinthe des r\u00e9glementations. Notre exp\u00e9rience \u00e9prouv\u00e9e vous ouvre la voie vers des opportunit\u00e9s commerciales sans pr\u00e9c\u00e9dent.<\/p>\n<\/div><\/section><\/p><\/div><div class='flex_column av-6wld5k-5de6381a90018286b80646e081eedf93 av_one_fifth  avia-builder-el-5  el_after_av_three_fifth  avia-builder-el-last  flex_column_div'     ><\/div>\n<\/div><\/div><\/main><!-- close content main element --><\/div><\/div><\/div><div id='after_section_1'  class='main_color av_default_container_wrap container_wrap fullsize'  ><div class='container av-section-cont-open' ><div class='template-page content  av-content-full alpha units'><div class='post-entry post-entry-type-page post-entry-11653'><div class='entry-content-wrapper clearfix'>\n<div class='flex_column av-nk8ijp-35753da93687b0ed1303512bce83772c av_one_full  avia-builder-el-6  el_after_av_section  avia-builder-el-no-sibling  first flex_column_div'     ><section  class='av_textblock_section av-lzwegina-4cfee0d118039c9242388cc82085d88a'  itemscope=\"itemscope\" itemtype=\"https:\/\/schema.org\/CreativeWork\" ><div class='avia_textblock'  itemprop=\"text\" ><h2>Fusion-acquisition\u00a0: le savoir-faire de Translink CF<\/h2>\n<p>Translink Corporate Finance se distingue comme un acteur incontournable dans le domaine des fusions et acquisitions, en se sp\u00e9cialisant sur le segment Smidcap. Nos interventions s&#8217;\u00e9tendent sur des valeurs de transactions allant de 10 \u00e0 200\u00a0millions d\u2019euros, couvrant un spectre d\u2019op\u00e9rations qu\u2019elles soient domestiques ou cross-border.<\/p>\n<p>Que vous envisagiez de vendre votre entreprise (sell-side) ou d&#8217;en acqu\u00e9rir une autre (buy-side), notre \u00e9quipe d&#8217;experts vous accompagne avec une solide exp\u00e9rience et une connaissance approfondie du march\u00e9. Notre ma\u00eetrise des particularit\u00e9s li\u00e9es aux op\u00e9rations de fusions et acquisitions fait de Translink CF le partenaire id\u00e9al pour conduire vos projets avec succ\u00e8s et s\u00e9r\u00e9nit\u00e9.<\/p>\n<h2>Translink CF\u00a0: un rayonnement international pour des opportunit\u00e9s sans fronti\u00e8res<\/h2>\n<p>L\u2019une des forces de Translink CF est d\u2019appartenir \u00e0 un r\u00e9seau d\u2019envergure mondiale pr\u00e9sent dans 35 pays et r\u00e9parti sur les cinq continents. Cette dimension internationale nous permet d\u2019avoir une perspective globale tout en int\u00e9grant les diverses sp\u00e9cificit\u00e9s nationales. Une dualit\u00e9 essentielle pour r\u00e9aliser des transactions cross-border efficaces. Nous sommes d\u2019ailleurs reconnus pour notre capacit\u00e9 \u00e0 r\u00e9aliser des transactions impliquant des acteurs dans diff\u00e9rents territoires et de cultures vari\u00e9es.<\/p>\n<p>Notre r\u00e9seau \u00e9tendu est un avantage significatif pour nos clients qui b\u00e9n\u00e9ficient d\u2019une expertise technique coupl\u00e9e \u00e0 une connaissance pr\u00e9cise des diff\u00e9rents march\u00e9s \u00e0 travers le monde. Qu\u2019il s\u2019agisse de naviguer \u00e0 travers les r\u00e9glementations ou de saisir des opportunit\u00e9s transfrontali\u00e8res, Translink CF est votre alli\u00e9 pour rendre chaque transaction fluide et fructueuse.<\/p>\n<h2>Translink CF\u00a0: une expertise sectorielle pointue au service de vos ambitions<\/h2>\n<p>Chez Translink CF, nous ne nous contentons pas de conna\u00eetre les rouages des fusions et acquisitions. Nous sommes \u00e9galement des sp\u00e9cialistes des secteurs dans lesquels nous op\u00e9rons. Nos interventions s&#8217;\u00e9tendent \u00e0 cinq domaines d&#8217;activit\u00e9 cl\u00e9s\u00a0:<\/p>\n<ul>\n<li>le secteur des Technologies, M\u00e9dias et T\u00e9l\u00e9communications (TMT). Ce secteur conna\u00eet une forte croissance en lien avec le d\u00e9veloppement de l\u2019IA cognitive, des technologies cloud, de l\u2019internet des objets (IdO) et du \u00ab Software as a Service \u00bb (Saas) ;<\/li>\n<li>les services aux entreprises, un secteur tr\u00e8s actif en mati\u00e8re d\u2019op\u00e9rations M&#038;A\u00a0;<\/li>\n<li>la Sant\u00e9, lui aussi un secteur tr\u00e8s actif dans la r\u00e9alisation de M&#038;A\u00a0;<\/li>\n<li>l\u2019\u00e9nergie et l\u2019environnement qui est un march\u00e9 en constante \u00e9volution\u00a0;<\/li>\n<li>les nouvelles mobilit\u00e9s et la logistique.<\/li>\n<\/ul>\n<p>Chaque associ\u00e9 de Translink CF est un expert reconnu dans son secteur. Il est dot\u00e9 d\u2019un r\u00e9seau \u00e9tendu et d\u2019une compr\u00e9hension approfondie des sp\u00e9cificit\u00e9s inh\u00e9rentes aux soci\u00e9t\u00e9s qui interviennent dans le secteur concern\u00e9. Cette expertise nous permet de vous fournir des conseils strat\u00e9giques pertinents et d\u2019optimiser la valeur g\u00e9n\u00e9r\u00e9e par une op\u00e9ration de fusion-acquisition.<\/p>\n<h2>Translink CF\u00a0: un accompagnement personnalis\u00e9 et de confiance<\/h2>\n<p>L&#8217;accompagnement que propose Translink CF va bien au-del\u00e0 des aspects juridiques et financiers des fusions et acquisitions. Nous pla\u00e7ons la relation humaine au c\u0153ur de notre d\u00e9marche, car nous savons que la confiance et la transparence sont primordiales dans la r\u00e9alisation de vos projets.<\/p>\n<p>Nos \u00e9quipes, bilingues et multiculturelles, sont \u00e0 m\u00eame de g\u00e9rer des dossiers aussi bien franco-fran\u00e7ais qu&#8217;internationaux, en assurant une communication fluide et transparente \u00e0 chaque \u00e9tape du processus. Chez Translink CF, nous comprenons que chaque transaction est unique et m\u00e9rite une attention particuli\u00e8re. C&#8217;est pourquoi nous nous engageons \u00e0 vous accompagner personnellement, avec la m\u00eame rigueur et le m\u00eame d\u00e9vouement, que ce soit sur la sc\u00e8ne nationale ou internationale.<\/p>\n<p>Pour faire \u00e9voluer votre entreprise via une fusion-acquisition, d\u00e9couvrez <a href=\"https:\/\/translinkcf.fr\/en\/services\/\">nos services<\/a> et notre expertise. Prenez contact avec l\u2019un de nos associ\u00e9s et \u00e9tablissez ensemble le projet qui vous convient.<\/p>\n<\/div><\/section><\/div>","protected":false},"excerpt":{"rendered":"","protected":false},"author":4,"featured_media":0,"parent":1002,"menu_order":0,"comment_status":"closed","ping_status":"closed","template":"","meta":{"footnotes":""},"class_list":["post-11653","page","type-page","status-publish","hentry"],"yoast_head":"<!-- This site is optimized with the Yoast SEO plugin v26.8 - https:\/\/yoast.com\/product\/yoast-seo-wordpress\/ -->\n<title>Fusions \u2013 acquisitions | TRANSLINK CF<\/title>\n<meta name=\"robots\" content=\"index, follow, max-snippet:-1, max-image-preview:large, max-video-preview:-1\" \/>\n<link rel=\"canonical\" href=\"https:\/\/translinkcf.fr\/en\/services\/fusions-acquisitions\/\" \/>\n<meta property=\"og:locale\" content=\"en_US\" \/>\n<meta property=\"og:type\" content=\"article\" \/>\n<meta property=\"og:title\" content=\"Fusions \u2013 acquisitions | TRANSLINK CF\" \/>\n<meta property=\"og:url\" content=\"https:\/\/translinkcf.fr\/en\/services\/fusions-acquisitions\/\" \/>\n<meta property=\"og:site_name\" content=\"Translink CF France\" \/>\n<meta property=\"article:modified_time\" content=\"2026-01-20T08:00:06+00:00\" \/>\n<meta name=\"twitter:card\" content=\"summary_large_image\" \/>\n<meta name=\"twitter:label1\" content=\"Est. reading time\" \/>\n\t<meta name=\"twitter:data1\" content=\"3 minutes\" \/>\n<script type=\"application\/ld+json\" class=\"yoast-schema-graph\">{\"@context\":\"https:\/\/schema.org\",\"@graph\":[{\"@type\":\"WebPage\",\"@id\":\"https:\/\/translinkcf.fr\/services\/fusions-acquisitions\/\",\"url\":\"https:\/\/translinkcf.fr\/services\/fusions-acquisitions\/\",\"name\":\"Fusions \u2013 acquisitions | TRANSLINK CF\",\"isPartOf\":{\"@id\":\"https:\/\/translinkcf.fr\/#website\"},\"datePublished\":\"2024-08-16T07:40:41+00:00\",\"dateModified\":\"2026-01-20T08:00:06+00:00\",\"breadcrumb\":{\"@id\":\"https:\/\/translinkcf.fr\/services\/fusions-acquisitions\/#breadcrumb\"},\"inLanguage\":\"en-US\",\"potentialAction\":[{\"@type\":\"ReadAction\",\"target\":[\"https:\/\/translinkcf.fr\/services\/fusions-acquisitions\/\"]}]},{\"@type\":\"BreadcrumbList\",\"@id\":\"https:\/\/translinkcf.fr\/services\/fusions-acquisitions\/#breadcrumb\",\"itemListElement\":[{\"@type\":\"ListItem\",\"position\":1,\"name\":\"Accueil\",\"item\":\"https:\/\/translinkcf.fr\/home\/\"},{\"@type\":\"ListItem\",\"position\":2,\"name\":\"Services\",\"item\":\"https:\/\/translinkcf.fr\/services\/\"},{\"@type\":\"ListItem\",\"position\":3,\"name\":\"Fusions &#8211; Acquisitions\"}]},{\"@type\":\"WebSite\",\"@id\":\"https:\/\/translinkcf.fr\/#website\",\"url\":\"https:\/\/translinkcf.fr\/\",\"name\":\"Translink International AG\",\"description\":\"\",\"publisher\":{\"@id\":\"https:\/\/translinkcf.fr\/#organization\"},\"potentialAction\":[{\"@type\":\"SearchAction\",\"target\":{\"@type\":\"EntryPoint\",\"urlTemplate\":\"https:\/\/translinkcf.fr\/?s={search_term_string}\"},\"query-input\":{\"@type\":\"PropertyValueSpecification\",\"valueRequired\":true,\"valueName\":\"search_term_string\"}}],\"inLanguage\":\"en-US\"},{\"@type\":\"Organization\",\"@id\":\"https:\/\/translinkcf.fr\/#organization\",\"name\":\"Translink International AG\",\"url\":\"https:\/\/translinkcf.fr\/\",\"logo\":{\"@type\":\"ImageObject\",\"inLanguage\":\"en-US\",\"@id\":\"https:\/\/translinkcf.fr\/#\/schema\/logo\/image\/\",\"url\":\"https:\/\/translinkcf.fr\/wp-content\/uploads\/2022\/04\/TrnanslinkCF-logo-2022.png\",\"contentUrl\":\"https:\/\/translinkcf.fr\/wp-content\/uploads\/2022\/04\/TrnanslinkCF-logo-2022.png\",\"width\":2000,\"height\":401,\"caption\":\"Translink International AG\"},\"image\":{\"@id\":\"https:\/\/translinkcf.fr\/#\/schema\/logo\/image\/\"},\"sameAs\":[\"https:\/\/www.linkedin.com\/company\/translink-corporate-finance\"]}]}<\/script>\n<!-- \/ Yoast SEO plugin. -->","yoast_head_json":{"title":"Fusions \u2013 acquisitions | TRANSLINK CF","robots":{"index":"index","follow":"follow","max-snippet":"max-snippet:-1","max-image-preview":"max-image-preview:large","max-video-preview":"max-video-preview:-1"},"canonical":"https:\/\/translinkcf.fr\/en\/services\/fusions-acquisitions\/","og_locale":"en_US","og_type":"article","og_title":"Fusions \u2013 acquisitions | TRANSLINK CF","og_url":"https:\/\/translinkcf.fr\/en\/services\/fusions-acquisitions\/","og_site_name":"Translink CF France","article_modified_time":"2026-01-20T08:00:06+00:00","twitter_card":"summary_large_image","twitter_misc":{"Est. reading time":"3 minutes"},"schema":{"@context":"https:\/\/schema.org","@graph":[{"@type":"WebPage","@id":"https:\/\/translinkcf.fr\/services\/fusions-acquisitions\/","url":"https:\/\/translinkcf.fr\/services\/fusions-acquisitions\/","name":"Fusions \u2013 acquisitions | TRANSLINK CF","isPartOf":{"@id":"https:\/\/translinkcf.fr\/#website"},"datePublished":"2024-08-16T07:40:41+00:00","dateModified":"2026-01-20T08:00:06+00:00","breadcrumb":{"@id":"https:\/\/translinkcf.fr\/services\/fusions-acquisitions\/#breadcrumb"},"inLanguage":"en-US","potentialAction":[{"@type":"ReadAction","target":["https:\/\/translinkcf.fr\/services\/fusions-acquisitions\/"]}]},{"@type":"BreadcrumbList","@id":"https:\/\/translinkcf.fr\/services\/fusions-acquisitions\/#breadcrumb","itemListElement":[{"@type":"ListItem","position":1,"name":"Accueil","item":"https:\/\/translinkcf.fr\/home\/"},{"@type":"ListItem","position":2,"name":"Services","item":"https:\/\/translinkcf.fr\/services\/"},{"@type":"ListItem","position":3,"name":"Fusions &#8211; Acquisitions"}]},{"@type":"WebSite","@id":"https:\/\/translinkcf.fr\/#website","url":"https:\/\/translinkcf.fr\/","name":"Translink International AG","description":"","publisher":{"@id":"https:\/\/translinkcf.fr\/#organization"},"potentialAction":[{"@type":"SearchAction","target":{"@type":"EntryPoint","urlTemplate":"https:\/\/translinkcf.fr\/?s={search_term_string}"},"query-input":{"@type":"PropertyValueSpecification","valueRequired":true,"valueName":"search_term_string"}}],"inLanguage":"en-US"},{"@type":"Organization","@id":"https:\/\/translinkcf.fr\/#organization","name":"Translink International AG","url":"https:\/\/translinkcf.fr\/","logo":{"@type":"ImageObject","inLanguage":"en-US","@id":"https:\/\/translinkcf.fr\/#\/schema\/logo\/image\/","url":"https:\/\/translinkcf.fr\/wp-content\/uploads\/2022\/04\/TrnanslinkCF-logo-2022.png","contentUrl":"https:\/\/translinkcf.fr\/wp-content\/uploads\/2022\/04\/TrnanslinkCF-logo-2022.png","width":2000,"height":401,"caption":"Translink International AG"},"image":{"@id":"https:\/\/translinkcf.fr\/#\/schema\/logo\/image\/"},"sameAs":["https:\/\/www.linkedin.com\/company\/translink-corporate-finance"]}]}},"_links":{"self":[{"href":"https:\/\/translinkcf.fr\/en\/wp-json\/wp\/v2\/pages\/11653","targetHints":{"allow":["GET"]}}],"collection":[{"href":"https:\/\/translinkcf.fr\/en\/wp-json\/wp\/v2\/pages"}],"about":[{"href":"https:\/\/translinkcf.fr\/en\/wp-json\/wp\/v2\/types\/page"}],"author":[{"embeddable":true,"href":"https:\/\/translinkcf.fr\/en\/wp-json\/wp\/v2\/users\/4"}],"replies":[{"embeddable":true,"href":"https:\/\/translinkcf.fr\/en\/wp-json\/wp\/v2\/comments?post=11653"}],"version-history":[{"count":3,"href":"https:\/\/translinkcf.fr\/en\/wp-json\/wp\/v2\/pages\/11653\/revisions"}],"predecessor-version":[{"id":11858,"href":"https:\/\/translinkcf.fr\/en\/wp-json\/wp\/v2\/pages\/11653\/revisions\/11858"}],"up":[{"embeddable":true,"href":"https:\/\/translinkcf.fr\/en\/wp-json\/wp\/v2\/pages\/1002"}],"wp:attachment":[{"href":"https:\/\/translinkcf.fr\/en\/wp-json\/wp\/v2\/media?parent=11653"}],"curies":[{"name":"wp","href":"https:\/\/api.w.org\/{rel}","templated":true}]}}